{"id":28509,"date":"2024-07-20T23:19:14","date_gmt":"2024-07-20T23:19:14","guid":{"rendered":"https:\/\/drburakkavlakoglu.com\/?page_id=28509"},"modified":"2024-08-20T21:42:50","modified_gmt":"2024-08-20T21:42:50","slug":"%d9%86%d9%85%d9%88%d8%b0%d8%ac-%d8%a7%d9%84%d8%a7%d8%b3%d8%aa%d8%b4%d8%a7%d8%b1%d8%a9","status":"publish","type":"page","link":"https:\/\/drburakkavlakoglu.com\/ar\/%d9%86%d9%85%d9%88%d8%b0%d8%ac-%d8%a7%d9%84%d8%a7%d8%b3%d8%aa%d8%b4%d8%a7%d8%b1%d8%a9\/","title":{"rendered":"\u0646\u0645\u0648\u0630\u062c \u0627\u0644\u0627\u0633\u062a\u0634\u0627\u0631\u0629"},"content":{"rendered":"\t\t<div data-elementor-type=\"wp-page\" data-elementor-id=\"28509\" class=\"elementor elementor-28509\" data-elementor-post-type=\"page\">\n\t\t\t\t\t\t<div class=\"elementor-section elementor-top-section elementor-element elementor-element-be0c6cd elementor-section-stretched elementor-section-height-min-height elementor-section-items-top elementor-section-boxed elementor-section-height-default\" data-id=\"be0c6cd\" data-element_type=\"section\" data-e-type=\"section\" data-settings=\"{&quot;stretch_section&quot;:&quot;section-stretched&quot;}\">\n\t\t\t\t\t\t<div class=\"elementor-container elementor-column-gap-no\">\n\t\t\t\t\t<div class=\"elementor-column elementor-col-50 elementor-top-column elementor-element elementor-element-100dcf1\" data-id=\"100dcf1\" data-element_type=\"column\" data-e-type=\"column\">\n\t\t\t<div class=\"elementor-widget-wrap elementor-element-populated\">\n\t\t\t\t\t\t<div class=\"elementor-element elementor-element-e0ae1c9 elementor-nav-menu--dropdown-tablet elementor-nav-menu__text-align-aside elementor-nav-menu--toggle elementor-nav-menu--burger elementor-widget elementor-widget-nav-menu\" data-id=\"e0ae1c9\" data-element_type=\"widget\" data-e-type=\"widget\" data-settings=\"{&quot;layout&quot;:&quot;vertical&quot;,&quot;submenu_icon&quot;:{&quot;value&quot;:&quot;&lt;svg class=\\&quot;e-font-icon-svg e-fas-caret-down\\&quot; viewBox=\\&quot;0 0 320 512\\&quot; xmlns=\\&quot;http:\\\/\\\/www.w3.org\\\/2000\\\/svg\\&quot;&gt;&lt;path d=\\&quot;M31.3 192h257.3c17.8 0 26.7 21.5 14.1 34.1L174.1 354.8c-7.8 7.8-20.5 7.8-28.3 0L17.2 226.1C4.6 213.5 13.5 192 31.3 192z\\&quot;&gt;&lt;\\\/path&gt;&lt;\\\/svg&gt;&quot;,&quot;library&quot;:&quot;fa-solid&quot;},&quot;toggle&quot;:&quot;burger&quot;}\" data-widget_type=\"nav-menu.default\">\n\t\t\t\t<div class=\"elementor-widget-container\">\n\t\t\t\t\t\t\t\t<nav class=\"elementor-nav-menu--main elementor-nav-menu__container elementor-nav-menu--layout-vertical e--pointer-underline e--animation-fade\">\n\t\t\t\t<ul id=\"menu-1-e0ae1c9\" class=\"elementor-nav-menu sm-vertical\"><li class=\"menu-item menu-item-type-post_type menu-item-object-page menu-item-28954\"><a href=\"https:\/\/drburakkavlakoglu.com\/ar\/%d8%b3%d9%8a%d8%b1%d8%a9-%d8%b4%d8%ae%d8%b5%d9%8a%d8%a9\/\" class=\"elementor-item\">\u0633\u064a\u0631\u0629 \u0634\u062e\u0635\u064a\u0629<\/a><\/li>\n<li class=\"menu-item menu-item-type-post_type menu-item-object-page menu-item-28955\"><a href=\"https:\/\/drburakkavlakoglu.com\/ar\/%d8%b3%d9%8a%d8%a7%d8%b3%d8%a9-%d8%a7%d9%84%d8%ac%d9%88%d8%af%d8%a9-%d9%84%d8%af%d9%8a%d9%86%d8%a7\/\" class=\"elementor-item\">\u0633\u064a\u0627\u0633\u0629 \u0627\u0644\u062c\u0648\u062f\u0629 \u0644\u062f\u064a\u0646\u0627<\/a><\/li>\n<li class=\"menu-item menu-item-type-post_type menu-item-object-page menu-item-28956\"><a href=\"https:\/\/drburakkavlakoglu.com\/ar\/%d8%a3%d8%b3%d8%a6%d9%84%d8%a9-%d9%85%d9%83%d8%b1%d8%b1%d8%a9\/\" class=\"elementor-item\">\u0623\u0633\u0626\u0644\u0629 \u0645\u0643\u0631\u0631\u0629<\/a><\/li>\n<li class=\"menu-item menu-item-type-post_type menu-item-object-page menu-item-28968\"><a href=\"https:\/\/drburakkavlakoglu.com\/ar\/%d8%b4%d9%87%d8%a7%d8%af%d8%a7%d8%aa%d9%86%d8%a7\/\" class=\"elementor-item\">\u0634\u0647\u0627\u062f\u0627\u062a\u0646\u0627<\/a><\/li>\n<li class=\"menu-item menu-item-type-post_type menu-item-object-page menu-item-28969\"><a href=\"https:\/\/drburakkavlakoglu.com\/ar\/%d8%b3%d9%8a%d8%a7%d8%b3%d8%a9-%d8%a7%d9%84%d8%ae%d8%b5%d9%88%d8%b5%d9%8a%d8%a9\/\" class=\"elementor-item\">\u0633\u064a\u0627\u0633\u0629 \u0627\u0644\u062e\u0635\u0648\u0635\u064a\u0629<\/a><\/li>\n<li class=\"menu-item menu-item-type-post_type menu-item-object-page menu-item-28970\"><a href=\"https:\/\/drburakkavlakoglu.com\/ar\/%d9%86%d9%85%d9%88%d8%b0%d8%ac-%d8%a7%d9%84%d8%a7%d8%b3%d8%aa%d8%b4%d8%a7%d8%b1%d8%a9\/\" class=\"elementor-item\">\u0646\u0645\u0648\u0630\u062c \u0627\u0644\u0627\u0633\u062a\u0634\u0627\u0631\u0629<\/a><\/li>\n<li class=\"menu-item menu-item-type-post_type menu-item-object-page menu-item-28971\"><a href=\"https:\/\/drburakkavlakoglu.com\/ar\/%d9%85%d9%82%d8%a7%d9%84%d8%a7%d8%aa\/\" class=\"elementor-item\">\u0645\u0642\u0627\u0644\u0627\u062a<\/a><\/li>\n<li class=\"menu-item menu-item-type-post_type menu-item-object-page menu-item-28972\"><a href=\"https:\/\/drburakkavlakoglu.com\/ar\/%d9%81%d9%8a%d8%af%d9%8a%d9%88%d9%87%d8%a7%d8%aa-%d8%a7%d9%84%d9%85%d8%b1%d8%b6%d9%89\/\" class=\"elementor-item\">\u0641\u064a\u062f\u064a\u0648\u0647\u0627\u062a \u0627\u0644\u0645\u0631\u0636\u0649<\/a><\/li>\n<\/ul>\t\t\t<\/nav>\n\t\t\t\t\t<div class=\"elementor-menu-toggle\" role=\"button\" tabindex=\"0\" aria-label=\"Menu Toggle\" aria-expanded=\"false\">\n\t\t\t<svg aria-hidden=\"true\" role=\"presentation\" class=\"elementor-menu-toggle__icon--open e-font-icon-svg e-eicon-menu-bar\" viewBox=\"0 0 1000 1000\" xmlns=\"http:\/\/www.w3.org\/2000\/svg\"><path d=\"M104 333H896C929 333 958 304 958 271S929 208 896 208H104C71 208 42 237 42 271S71 333 104 333ZM104 583H896C929 583 958 554 958 521S929 458 896 458H104C71 458 42 487 42 521S71 583 104 583ZM104 833H896C929 833 958 804 958 771S929 708 896 708H104C71 708 42 737 42 771S71 833 104 833Z\"><\/path><\/svg><svg aria-hidden=\"true\" role=\"presentation\" class=\"elementor-menu-toggle__icon--close e-font-icon-svg e-eicon-close\" viewBox=\"0 0 1000 1000\" xmlns=\"http:\/\/www.w3.org\/2000\/svg\"><path d=\"M742 167L500 408 258 167C246 154 233 150 217 150 196 150 179 158 167 167 154 179 150 196 150 212 150 229 154 242 171 254L408 500 167 742C138 771 138 800 167 829 196 858 225 858 254 829L496 587 738 829C750 842 767 846 783 846 800 846 817 842 829 829 842 817 846 804 846 783 846 767 842 750 829 737L588 500 833 258C863 229 863 200 833 171 804 137 775 137 742 167Z\"><\/path><\/svg>\t\t\t<span class=\"elementor-screen-only\">Menu<\/span>\n\t\t<\/div>\n\t\t\t\t\t<nav class=\"elementor-nav-menu--dropdown elementor-nav-menu__container\" aria-hidden=\"true\">\n\t\t\t\t<ul id=\"menu-2-e0ae1c9\" class=\"elementor-nav-menu sm-vertical\"><li class=\"menu-item menu-item-type-post_type menu-item-object-page menu-item-28954\"><a href=\"https:\/\/drburakkavlakoglu.com\/ar\/%d8%b3%d9%8a%d8%b1%d8%a9-%d8%b4%d8%ae%d8%b5%d9%8a%d8%a9\/\" class=\"elementor-item\" tabindex=\"-1\">\u0633\u064a\u0631\u0629 \u0634\u062e\u0635\u064a\u0629<\/a><\/li>\n<li class=\"menu-item menu-item-type-post_type menu-item-object-page menu-item-28955\"><a href=\"https:\/\/drburakkavlakoglu.com\/ar\/%d8%b3%d9%8a%d8%a7%d8%b3%d8%a9-%d8%a7%d9%84%d8%ac%d9%88%d8%af%d8%a9-%d9%84%d8%af%d9%8a%d9%86%d8%a7\/\" class=\"elementor-item\" tabindex=\"-1\">\u0633\u064a\u0627\u0633\u0629 \u0627\u0644\u062c\u0648\u062f\u0629 \u0644\u062f\u064a\u0646\u0627<\/a><\/li>\n<li class=\"menu-item menu-item-type-post_type menu-item-object-page menu-item-28956\"><a href=\"https:\/\/drburakkavlakoglu.com\/ar\/%d8%a3%d8%b3%d8%a6%d9%84%d8%a9-%d9%85%d9%83%d8%b1%d8%b1%d8%a9\/\" class=\"elementor-item\" tabindex=\"-1\">\u0623\u0633\u0626\u0644\u0629 \u0645\u0643\u0631\u0631\u0629<\/a><\/li>\n<li class=\"menu-item menu-item-type-post_type menu-item-object-page menu-item-28968\"><a href=\"https:\/\/drburakkavlakoglu.com\/ar\/%d8%b4%d9%87%d8%a7%d8%af%d8%a7%d8%aa%d9%86%d8%a7\/\" class=\"elementor-item\" tabindex=\"-1\">\u0634\u0647\u0627\u062f\u0627\u062a\u0646\u0627<\/a><\/li>\n<li class=\"menu-item menu-item-type-post_type menu-item-object-page menu-item-28969\"><a href=\"https:\/\/drburakkavlakoglu.com\/ar\/%d8%b3%d9%8a%d8%a7%d8%b3%d8%a9-%d8%a7%d9%84%d8%ae%d8%b5%d9%88%d8%b5%d9%8a%d8%a9\/\" class=\"elementor-item\" tabindex=\"-1\">\u0633\u064a\u0627\u0633\u0629 \u0627\u0644\u062e\u0635\u0648\u0635\u064a\u0629<\/a><\/li>\n<li class=\"menu-item menu-item-type-post_type menu-item-object-page menu-item-28970\"><a href=\"https:\/\/drburakkavlakoglu.com\/ar\/%d9%86%d9%85%d9%88%d8%b0%d8%ac-%d8%a7%d9%84%d8%a7%d8%b3%d8%aa%d8%b4%d8%a7%d8%b1%d8%a9\/\" class=\"elementor-item\" tabindex=\"-1\">\u0646\u0645\u0648\u0630\u062c \u0627\u0644\u0627\u0633\u062a\u0634\u0627\u0631\u0629<\/a><\/li>\n<li class=\"menu-item menu-item-type-post_type menu-item-object-page menu-item-28971\"><a href=\"https:\/\/drburakkavlakoglu.com\/ar\/%d9%85%d9%82%d8%a7%d9%84%d8%a7%d8%aa\/\" class=\"elementor-item\" tabindex=\"-1\">\u0645\u0642\u0627\u0644\u0627\u062a<\/a><\/li>\n<li class=\"menu-item menu-item-type-post_type menu-item-object-page menu-item-28972\"><a href=\"https:\/\/drburakkavlakoglu.com\/ar\/%d9%81%d9%8a%d8%af%d9%8a%d9%88%d9%87%d8%a7%d8%aa-%d8%a7%d9%84%d9%85%d8%b1%d8%b6%d9%89\/\" class=\"elementor-item\" tabindex=\"-1\">\u0641\u064a\u062f\u064a\u0648\u0647\u0627\u062a \u0627\u0644\u0645\u0631\u0636\u0649<\/a><\/li>\n<\/ul>\t\t\t<\/nav>\n\t\t\t\t\t\t<\/div>\n\t\t\t\t<\/div>\n\t\t\t\t\t<\/div>\n\t\t<\/div>\n\t\t\t\t<div class=\"elementor-column elementor-col-50 elementor-top-column elementor-element elementor-element-564042a\" data-id=\"564042a\" data-element_type=\"column\" data-e-type=\"column\">\n\t\t\t<div class=\"elementor-widget-wrap elementor-element-populated\">\n\t\t\t\t\t\t<div class=\"elementor-element elementor-element-f3b3ca2 elementor-widget elementor-widget-heading\" data-id=\"f3b3ca2\" data-element_type=\"widget\" data-e-type=\"widget\" data-widget_type=\"heading.default\">\n\t\t\t\t<div class=\"elementor-widget-container\">\n\t\t\t\t\t<h2 class=\"elementor-heading-title elementor-size-default\">\u0627\u0633\u062a\u0634\u0627\u0631\u0627\u062a<\/h2>\t\t\t\t<\/div>\n\t\t\t\t<\/div>\n\t\t\t\t<div class=\"elementor-element elementor-element-8cd6cdb elementor-button-align-start elementor-mobile-button-align-center elementor-widget elementor-widget-form\" data-id=\"8cd6cdb\" data-element_type=\"widget\" data-e-type=\"widget\" data-settings=\"{&quot;step_next_label&quot;:&quot;Next&quot;,&quot;step_previous_label&quot;:&quot;Previous&quot;,&quot;button_width&quot;:&quot;100&quot;,&quot;step_type&quot;:&quot;number_text&quot;,&quot;step_icon_shape&quot;:&quot;circle&quot;}\" data-widget_type=\"form.default\">\n\t\t\t\t<div class=\"elementor-widget-container\">\n\t\t\t\t\t\t\t<form class=\"elementor-form\" method=\"post\" name=\"New Form\">\n\t\t\t<input type=\"hidden\" name=\"post_id\" value=\"28509\"\/>\n\t\t\t<input type=\"hidden\" name=\"form_id\" value=\"8cd6cdb\"\/>\n\t\t\t<input type=\"hidden\" name=\"referer_title\" value=\"\u0646\u0645\u0648\u0630\u062c \u0627\u0644\u0627\u0633\u062a\u0634\u0627\u0631\u0629\" \/>\n\n\t\t\t\t\t\t\t<input type=\"hidden\" name=\"queried_id\" value=\"28509\"\/>\n\t\t\t\n\t\t\t<div class=\"elementor-form-fields-wrapper elementor-labels-above\">\n\t\t\t\t\t\t\t\t<div class=\"elementor-field-type-text elementor-field-group elementor-column elementor-field-group-name elementor-col-100\">\n\t\t\t\t\t\t\t\t\t\t\t\t\t<input size=\"1\" type=\"text\" name=\"form_fields[name]\" id=\"form-field-name\" class=\"elementor-field elementor-size-sm  elementor-field-textual\" placeholder=\"Ad Soyad *\">\n\t\t\t\t\t\t\t\t\t\t\t<\/div>\n\t\t\t\t\t\t\t\t<div class=\"elementor-field-type-tel elementor-field-group elementor-column elementor-field-group-email elementor-col-50 elementor-field-required\">\n\t\t\t\t\t<span class=\"ccfef-editor-intl-input\" data-id=\"form-field-email\" data-field-id=\"fc0ae70\" data-default-country=\"us\" data-include-countries=\"\" data-exclude-countries=\"\" data-dial-code-visibility=\"show\" data-strict-mode=\"no\" style=\"display: none;\"><\/span>\t\t<input size=\"1\" type=\"tel\" name=\"form_fields[email]\" id=\"form-field-email\" class=\"elementor-field elementor-size-sm  elementor-field-textual\" placeholder=\"+90\" required=\"required\" aria-required=\"true\" pattern=\"[0-9()#&amp;+*-=.]+\" title=\"Only numbers and phone characters (#, -, *, etc) are accepted.\">\n\n\t\t\t\t\t\t<\/div>\n\t\t\t\t\t\t\t\t<div class=\"elementor-field-type-email elementor-field-group elementor-column elementor-field-group-field_ba0dc78 elementor-col-50 elementor-field-required\">\n\t\t\t\t\t\t\t\t\t\t\t\t\t<input size=\"1\" type=\"email\" name=\"form_fields[field_ba0dc78]\" id=\"form-field-field_ba0dc78\" class=\"elementor-field elementor-size-sm  elementor-field-textual\" placeholder=\"E-Posta *\" required=\"required\" aria-required=\"true\">\n\t\t\t\t\t\t\t\t\t\t\t<\/div>\n\t\t\t\t\t\t\t\t<div class=\"elementor-field-type-select elementor-field-group elementor-column elementor-field-group-field_cb54d9f elementor-col-100 elementor-field-required\">\n\t\t\t\t\t\t\t<div class=\"elementor-field elementor-select-wrapper remove-before \">\n\t\t\t<div class=\"select-caret-down-wrapper\">\n\t\t\t\t<svg aria-hidden=\"true\" class=\"e-font-icon-svg e-eicon-caret-down\" viewBox=\"0 0 571.4 571.4\" xmlns=\"http:\/\/www.w3.org\/2000\/svg\"><path d=\"M571 393Q571 407 561 418L311 668Q300 679 286 679T261 668L11 418Q0 407 0 393T11 368 36 357H536Q550 357 561 368T571 393Z\"><\/path><\/svg>\t\t\t<\/div>\n\t\t\t<select name=\"form_fields[field_cb54d9f]\" id=\"form-field-field_cb54d9f\" class=\"elementor-field-textual elementor-size-sm\" required=\"required\" aria-required=\"true\">\n\t\t\t\t\t\t\t\t\t<option value=\"L\u00fctfen Almak \u0130stedi\u011finiz Hizmeti Se\u00e7iniz\">L\u00fctfen Almak \u0130stedi\u011finiz Hizmeti Se\u00e7iniz<\/option>\n\t\t\t\t\t\t\t\t\t<option value=\"T\u00fcp Mide Ameliyat\u0131\">T\u00fcp Mide Ameliyat\u0131<\/option>\n\t\t\t\t\t\t\t\t\t<option value=\"Gastrik Bypass\">Gastrik Bypass<\/option>\n\t\t\t\t\t\t\t\t\t<option value=\"Mini Gastrik Bypass\">Mini Gastrik Bypass<\/option>\n\t\t\t\t\t\t\t\t\t<option value=\"Bariclip (Gastric Clip)\">Bariclip (Gastric Clip)<\/option>\n\t\t\t\t\t\t\t\t\t<option value=\"Endoskopik Sleeve Gastroplasti\">Endoskopik Sleeve Gastroplasti<\/option>\n\t\t\t\t\t\t\t\t\t<option value=\"Mide Balonu\">Mide Balonu<\/option>\n\t\t\t\t\t\t\t\t\t<option value=\"Diyabet Cerrahisi\">Diyabet Cerrahisi<\/option>\n\t\t\t\t\t\t\t\t\t<option value=\"Metabolik Cerrahi\">Metabolik Cerrahi<\/option>\n\t\t\t\t\t\t\t\t\t<option value=\"Transit Bipartisyon Ameliyat\u0131\">Transit Bipartisyon Ameliyat\u0131<\/option>\n\t\t\t\t\t\t\t<\/select>\n\t\t<\/div>\n\t\t\t\t\t\t<\/div>\n\t\t\t\t\t\t\t\t<div class=\"elementor-field-type-textarea elementor-field-group elementor-column elementor-field-group-field_5e54900 elementor-col-100\">\n\t\t\t\t\t<textarea class=\"elementor-field-textual elementor-field  elementor-size-sm\" name=\"form_fields[field_5e54900]\" id=\"form-field-field_5e54900\" rows=\"6\" placeholder=\"A\u00e7\u0131klama\"><\/textarea>\t\t\t\t<\/div>\n\t\t\t\t\t\t\t\t<div class=\"elementor-field-group elementor-column elementor-field-type-submit elementor-col-100 e-form__buttons\">\n\t\t\t\t\t<button class=\"elementor-button elementor-size-sm\" type=\"submit\">\n\t\t\t\t\t\t<span class=\"elementor-button-content-wrapper\">\n\t\t\t\t\t\t\t\t\t\t\t\t\t\t\t\t\t\t\t\t\t\t<span class=\"elementor-button-text\">G\u00f6nder<\/span>\n\t\t\t\t\t\t\t\t\t\t\t\t\t<\/span>\n\t\t\t\t\t<\/button>\n\t\t\t\t<\/div>\n\t\t\t<\/div>\n\t\t<\/form>\n\t\t\t\t\t\t<\/div>\n\t\t\t\t<\/div>\n\t\t\t\t\t<\/div>\n\t\t<\/div>\n\t\t\t\t\t<\/div>\n\t\t<\/div>\n\t\t\t\t<\/div>\n\t\t","protected":false},"excerpt":{"rendered":"<p>\u0627\u0633\u062a\u0634\u0627\u0631\u0627\u062a<\/p>\n","protected":false},"author":1,"featured_media":0,"parent":0,"menu_order":0,"comment_status":"closed","ping_status":"closed","template":"elementor_header_footer","meta":{"footnotes":""},"class_list":["post-28509","page","type-page","status-publish","hentry"],"_links":{"self":[{"href":"https:\/\/drburakkavlakoglu.com\/ar\/wp-json\/wp\/v2\/pages\/28509","targetHints":{"allow":["GET"]}}],"collection":[{"href":"https:\/\/drburakkavlakoglu.com\/ar\/wp-json\/wp\/v2\/pages"}],"about":[{"href":"https:\/\/drburakkavlakoglu.com\/ar\/wp-json\/wp\/v2\/types\/page"}],"author":[{"embeddable":true,"href":"https:\/\/drburakkavlakoglu.com\/ar\/wp-json\/wp\/v2\/users\/1"}],"replies":[{"embeddable":true,"href":"https:\/\/drburakkavlakoglu.com\/ar\/wp-json\/wp\/v2\/comments?post=28509"}],"version-history":[{"count":0,"href":"https:\/\/drburakkavlakoglu.com\/ar\/wp-json\/wp\/v2\/pages\/28509\/revisions"}],"wp:attachment":[{"href":"https:\/\/drburakkavlakoglu.com\/ar\/wp-json\/wp\/v2\/media?parent=28509"}],"curies":[{"name":"wp","href":"https:\/\/api.w.org\/{rel}","templated":true}]}}