{"id":28574,"date":"2020-10-19T06:51:05","date_gmt":"2020-10-19T06:51:05","guid":{"rendered":"https:\/\/drburakkavlakoglu.com\/?page_id=28574"},"modified":"2024-08-08T22:56:27","modified_gmt":"2024-08-08T22:56:27","slug":"%d9%85%d9%82%d8%a7%d9%84%d8%a7%d8%aa","status":"publish","type":"page","link":"https:\/\/drburakkavlakoglu.com\/ar\/%d9%85%d9%82%d8%a7%d9%84%d8%a7%d8%aa\/","title":{"rendered":"\u0645\u0642\u0627\u0644\u0627\u062a"},"content":{"rendered":"\t\t<div data-elementor-type=\"wp-page\" data-elementor-id=\"28574\" class=\"elementor elementor-28574\" data-elementor-post-type=\"page\">\n\t\t\t\t<div class=\"elementor-element elementor-element-439aaa2 e-flex e-con-boxed e-con e-parent\" data-id=\"439aaa2\" data-element_type=\"container\" data-e-type=\"container\">\n\t\t\t\t\t<div class=\"e-con-inner\">\n\t\t\t\t<div class=\"elementor-element elementor-element-fdbc97c elementor-widget elementor-widget-elementskit-blog-posts\" data-id=\"fdbc97c\" data-element_type=\"widget\" data-e-type=\"widget\" data-widget_type=\"elementskit-blog-posts.default\">\n\t\t\t\t<div class=\"elementor-widget-container\">\n\t\t\t\t\t<div class=\"ekit-wid-con\" >        <div id=\"post-items--fdbc97c\" class=\"row post-items\">\n                    <div class=\"col-md-12\">\n\n                                    <div class=\"elementskit-blog-block-post\">\n                        <div class=\"row no-gutters\">\n                                                            <div class=\"col-md-6 order-1\">\n                                    <a href=\"https:\/\/drburakkavlakoglu.com\/ar\/%d9%85%d8%ae%d8%a7%d8%b7%d8%b1-%d9%88%d9%85%d8%b6%d8%a7%d8%b9%d9%81%d8%a7%d8%aa-%d8%ac%d8%b1%d8%a7%d8%ad%d8%a9-%d8%a7%d9%84%d8%b3%d9%85%d9%86%d8%a9\/\" class=\"elementskit-entry-thumb\">\n                                        <img decoding=\"async\" src=\"https:\/\/drburakkavlakoglu.com\/wp-content\/uploads\/2024\/07\/Obezite-Cerrahisinin-Riskleri-ve-Komplikasyonlari.webp\" alt=\"\u0645\u062e\u0627\u0637\u0631 \u0648\u0645\u0636\u0627\u0639\u0641\u0627\u062a \u062c\u0631\u0627\u062d\u0629 \u0627\u0644\u0633\u0645\u0646\u0629\">\n                                    <\/a><!-- .elementskit-entry-thumb END -->\n                                <\/div>\n                            \n                            <div class=\"col-md-6 order-2\">\n                                <div class=\"elementskit-post-body \">\n                                    <div class=\"elementskit-entry-header\">\n                                        \n                                                                                            \t\t\t\t\t                                            \n                                            \n                                                                                            \t\t\t\t<h2 class=\"entry-title\">\n\t\t\t\t\t<a href=\"https:\/\/drburakkavlakoglu.com\/ar\/%d9%85%d8%ae%d8%a7%d8%b7%d8%b1-%d9%88%d9%85%d8%b6%d8%a7%d8%b9%d9%81%d8%a7%d8%aa-%d8%ac%d8%b1%d8%a7%d8%ad%d8%a9-%d8%a7%d9%84%d8%b3%d9%85%d9%86%d8%a9\/\">\n\t\t\t\t\t\t\u0645\u062e\u0627\u0637\u0631 \u0648\u0645\u0636\u0627\u0639\u0641\u0627\u062a \u062c\u0631\u0627\u062d\u0629 \u0627\u0644\u0633\u0645\u0646\u0629\t\t\t\t\t<\/a>\n\t\t\t\t<\/h2>\n\t\t\t                                                                                <\/div><!-- .elementskit-entry-header END -->\n\n                                                                            <div class=\"elementskit-post-footer\">\n                                                                                            <p>\u0625\u0646 \u0627\u0644\u0627\u0633\u062a\u062e\u062f\u0627\u0645 \u0627\u0644\u0648\u0627\u0633\u0639 \u0627\u0644\u0646\u0637\u0627\u0642 \u0644\u062c\u0631\u0627\u062d\u0629 \u0627\u0644\u0633\u0645\u0646\u0629 \u0628\u0627\u0644\u0645\u0646\u0638\u0627\u0631 \u0642\u062f \u062a\u0631\u0643 \u0623\u0637\u0628\u0627\u0621 \u0627\u0644\u0637\u0648\u0627\u0631\u0626 \u0648\u0627\u0644\u062c\u0631\u0627\u062d\u064a\u0646 \u0627\u0644\u0639\u0627\u0645\u064a\u0646 \u064a\u0648\u0627\u062c\u0647\u0648\u0646 \u0645\u0636\u0627\u0639\u0641\u0627\u062a \u062d\u0627\u062f\u0629 \u0648\u0645\u0632\u0645\u0646\u0629 \u0644\u062c\u0631\u0627\u062d\u0629 \u0627\u0644\u0633\u0645\u0646\u0629. \u064a\u062c\u0628 \u0639\u0644\u0649 \u0627\u0644\u0645\u0631\u0636\u0649 \u0627\u0644\u0630\u064a\u0646 \u062e\u0636\u0639\u0648\u0627 \u0644\u062c\u0631\u0627\u062d\u0629 \u0627\u0644\u0633\u0645\u0646\u0629 \u0623\u0646 \u064a\u062a\u0628\u0639\u0648\u0627 \u0646\u0647\u062c\u064b\u0627 \u062a\u062f\u0631\u064a\u062c\u064a\u064b\u0627 \u0641\u064a \u062d\u0627\u0644\u0629 \u0645\u0648\u0627\u062c\u0647\u0629 \u0623\u064a \u062d\u0627\u0644\u0629 \u0637\u0627\u0631\u0626\u0629. \u0645\u062d\u0627\u0648\u0644\u0627\u062a \u0627\u0644\u0625\u0646\u0639\u0627\u0634 \u0647\u064a \u0646\u0641\u0633\u0647\u0627 \u0628\u0627\u0644\u0646\u0633\u0628\u0629 \u0644\u0644\u0645\u0631\u0636\u0649 \u0627\u0644\u0630\u064a\u0646 \u0644\u0645 \u064a\u062e\u0636\u0639\u0648\u0627 \u0644\u062c\u0631\u0627\u062d\u0629 \u0627\u0644\u0633\u0645\u0646\u0629. \u0648\u0644\u0630\u0644\u0643\u060c \u064a\u0646\u0628\u063a\u064a \u062a\u0642\u062f\u064a\u0645 \u0627\u0644\u062a\u0634\u0627\u0648\u0631 \u0645\u0639 \u062c\u0631\u0627\u062d \u0627\u0644\u0633\u0645\u0646\u0629 \u0641\u064a [&hellip;]<\/p>\n                                                                                                                                <\/div><!-- .elementskit-post-footer END -->\n                                                                    <\/div><!-- .elementskit-post-body END -->\n                            <\/div>\n                        <\/div>\n                    <\/div><!-- .elementskit-blog-block-post .radius .gradient-bg END -->\n                \n            <\/div>\n                    <div class=\"col-md-12\">\n\n                                    <div class=\"elementskit-blog-block-post\">\n                        <div class=\"row no-gutters\">\n                                                            <div class=\"col-md-6 order-1\">\n                                    <a href=\"https:\/\/drburakkavlakoglu.com\/ar\/%d8%af%d9%84%d9%8a%d9%84-%d8%aa%d9%83%d9%85%d9%8a%d9%85-%d8%a7%d9%84%d9%85%d8%b9%d8%af%d8%a9\/\" class=\"elementskit-entry-thumb\">\n                                        <img decoding=\"async\" src=\"https:\/\/drburakkavlakoglu.com\/wp-content\/uploads\/2024\/07\/Tup-Mide-Rehberi.webp\" alt=\"\u062f\u0644\u064a\u0644 \u062a\u0643\u0645\u064a\u0645 \u0627\u0644\u0645\u0639\u062f\u0629\">\n                                    <\/a><!-- .elementskit-entry-thumb END -->\n                                <\/div>\n                            \n                            <div class=\"col-md-6 order-2\">\n                                <div class=\"elementskit-post-body \">\n                                    <div class=\"elementskit-entry-header\">\n                                        \n                                                                                            \t\t\t\t\t                                            \n                                            \n                                                                                            \t\t\t\t<h2 class=\"entry-title\">\n\t\t\t\t\t<a href=\"https:\/\/drburakkavlakoglu.com\/ar\/%d8%af%d9%84%d9%8a%d9%84-%d8%aa%d9%83%d9%85%d9%8a%d9%85-%d8%a7%d9%84%d9%85%d8%b9%d8%af%d8%a9\/\">\n\t\t\t\t\t\t\u062f\u0644\u064a\u0644 \u062a\u0643\u0645\u064a\u0645 \u0627\u0644\u0645\u0639\u062f\u0629\t\t\t\t\t<\/a>\n\t\t\t\t<\/h2>\n\t\t\t                                                                                <\/div><!-- .elementskit-entry-header END -->\n\n                                                                            <div class=\"elementskit-post-footer\">\n                                                                                            <p>\u062a\u0639\u062a\u0628\u0631 \u062c\u0631\u0627\u062d\u0629 \u062a\u0643\u0645\u064a\u0645 \u0627\u0644\u0645\u0639\u062f\u0629 \u0645\u0646 \u0623\u0643\u062b\u0631 \u0627\u0644\u0639\u0645\u0644\u064a\u0627\u062a \u0627\u0644\u062a\u064a \u064a\u062a\u0645 \u0625\u062c\u0631\u0627\u0624\u0647\u0627 \u0641\u064a \u062c\u0631\u0627\u062d\u0629 \u0627\u0644\u0633\u0645\u0646\u0629. \u062c\u0631\u0627\u062d\u0629 \u062a\u0643\u0645\u064a\u0645 \u0627\u0644\u0645\u0639\u062f\u0629\u060c \u0627\u0644\u062a\u064a \u062a\u0642\u0644\u0644 \u0645\u0646 \u0627\u0644\u0645\u062e\u0627\u0637\u0631 \u0627\u0644\u0645\u0631\u062a\u0628\u0637\u0629 \u0628\u0627\u0644\u0633\u0645\u0646\u0629 \u0645\u0646 \u062e\u0644\u0627\u0644 \u062a\u0648\u0641\u064a\u0631 \u0641\u0642\u062f\u0627\u0646 \u0642\u0648\u064a \u0644\u0644\u0648\u0632\u0646\u060c \u062a\u0639\u0645\u0644 \u0623\u064a\u0636\u064b\u0627 \u0639\u0644\u0649 \u062a\u062d\u0633\u064a\u0646 \u0646\u0648\u0639\u064a\u0629 \u062d\u064a\u0627\u0629 \u0627\u0644\u0645\u0631\u064a\u0636 \u0641\u064a \u0648\u0642\u062a \u0642\u0635\u064a\u0631. \u0645\u0627 \u0647\u064a \u062c\u0631\u0627\u062d\u0629 \u062a\u0643\u0645\u064a\u0645 \u0627\u0644\u0645\u0639\u062f\u0629\u061f \u062a\u064f\u0639\u0631\u0641 \u062c\u0631\u0627\u062d\u0629 \u062a\u0643\u0645\u064a\u0645 \u0627\u0644\u0645\u0639\u062f\u0629\u060c \u0648\u0627\u0644\u0645\u0639\u0631\u0648\u0641\u0629 \u0637\u0628\u064a\u064b\u0627 \u0628\u0627\u0633\u0645 &#8220;\u062a\u0643\u0645\u064a\u0645 \u0627\u0644\u0645\u0639\u062f\u0629&#8221;\u060c \u0628\u0627\u0633\u0645 \u062c\u0631\u0627\u062d\u0629 \u062a\u0635\u063a\u064a\u0631 [&hellip;]<\/p>\n                                                                                                                                <\/div><!-- .elementskit-post-footer END -->\n                                                                    <\/div><!-- .elementskit-post-body END -->\n                            <\/div>\n                        <\/div>\n                    <\/div><!-- .elementskit-blog-block-post .radius .gradient-bg END -->\n                \n            <\/div>\n                    <div class=\"col-md-12\">\n\n                                    <div class=\"elementskit-blog-block-post\">\n                        <div class=\"row no-gutters\">\n                            \n                            <div class=\"col-md-6 order-2\">\n                                <div class=\"elementskit-post-body \">\n                                    <div class=\"elementskit-entry-header\">\n                                        \n                                                                                            \t\t\t\t\t                                            \n                                            \n                                                                                            \t\t\t\t<h2 class=\"entry-title\">\n\t\t\t\t\t<a href=\"https:\/\/drburakkavlakoglu.com\/ar\/%d8%ac%d8%b1%d8%a7%d8%ad%d8%a9-%d8%a7%d9%84%d8%b3%d9%85%d9%86%d8%a9\/\">\n\t\t\t\t\t\t\u062c\u0631\u0627\u062d\u0629 \u0627\u0644\u0633\u0645\u0646\u0629\t\t\t\t\t<\/a>\n\t\t\t\t<\/h2>\n\t\t\t                                                                                <\/div><!-- .elementskit-entry-header END -->\n\n                                                                            <div class=\"elementskit-post-footer\">\n                                                                                            <p>\u062a\u0639\u0631\u064a\u0641 \u0648\u062a\u0635\u0646\u064a\u0641 \u0627\u0644\u0633\u0645\u0646\u0629: \u062a\u0639\u0631\u0651\u0641 \u0645\u0646\u0638\u0645\u0629 \u0627\u0644\u0635\u062d\u0629 \u0627\u0644\u0639\u0627\u0644\u0645\u064a\u0629 (WHO) \u0627\u0644\u0633\u0645\u0646\u0629 \u0628\u0623\u0646\u0647\u0627 \u062d\u0627\u0644\u0629 \u0645\u0646 \u062a\u0631\u0627\u0643\u0645 \u0627\u0644\u062f\u0647\u0648\u0646 \u0627\u0644\u0645\u0641\u0631\u0637 \u0641\u064a \u0627\u0644\u062c\u0633\u0645 \u0625\u0644\u0649 \u0627\u0644\u062d\u062f \u0627\u0644\u0630\u064a \u064a\u0624\u062b\u0631 \u0633\u0644\u0628\u064b\u0627 \u0639\u0644\u0649 \u0627\u0644\u0635\u062d\u0629 \u0648\u0627\u0644\u0631\u0641\u0627\u0647\u064a\u0629. 1&nbsp;&nbsp;\u0625\u0630\u0627 \u062a\u062c\u0627\u0648\u0632\u062a \u0643\u0645\u064a\u0629 \u0627\u0644\u062f\u0647\u0648\u0646 \u0641\u064a \u0627\u0644\u062c\u0633\u0645 \u0627\u0644\u0642\u064a\u0645 \u0627\u0644\u0641\u0633\u064a\u0648\u0644\u0648\u062c\u064a\u0629 \u0627\u0644\u0637\u0628\u064a\u0639\u064a\u0629\u060c \u0641\u0625\u0646 \u0627\u0644\u0634\u062e\u0635 \u064a\u0639\u0627\u0646\u064a \u0645\u0646 \u0627\u0644\u0633\u0645\u0646\u0629 \u0627\u0644\u0645\u0641\u0631\u0637\u0629. \u0645\u0646 \u0627\u0644\u0646\u0627\u062d\u064a\u0629 \u0627\u0644\u0641\u0633\u064a\u0648\u0644\u0648\u062c\u064a\u0629\u060c \u062a\u062e\u062a\u0644\u0641 \u0627\u0644\u0643\u0645\u064a\u0629 \u0627\u0644\u0637\u0628\u064a\u0639\u064a\u0629 \u0644\u0644\u062f\u0647\u0648\u0646 \u0641\u064a \u0627\u0644\u062c\u0633\u0645 \u0628\u0634\u0643\u0644 \u0643\u0628\u064a\u0631 \u0628\u064a\u0646 \u0627\u0644\u0623\u0641\u0631\u0627\u062f \u062d\u0633\u0628 \u0627\u0644\u0639\u0645\u0631 [&hellip;]<\/p>\n                                                                                                                                <\/div><!-- .elementskit-post-footer END -->\n                                                                    <\/div><!-- .elementskit-post-body END -->\n                            <\/div>\n                        <\/div>\n                    <\/div><!-- .elementskit-blog-block-post .radius .gradient-bg END -->\n                \n            <\/div>\n                    <div class=\"col-md-12\">\n\n                                    <div class=\"elementskit-blog-block-post\">\n                        <div class=\"row no-gutters\">\n                                                            <div class=\"col-md-6 order-1\">\n                                    <a href=\"https:\/\/drburakkavlakoglu.com\/ar\/%d8%ad%d8%b2%d8%a7%d9%85-%d8%a7%d9%84%d9%85%d8%b9%d8%af%d8%a9-%d8%a7%d9%84%d9%85%d8%b4%d8%a8%d9%83\/\" class=\"elementskit-entry-thumb\">\n                                        <img decoding=\"async\" src=\"https:\/\/drburakkavlakoglu.com\/wp-content\/uploads\/2024\/07\/Mide-Bandi-Kelepcesi.webp\" alt=\"\u062d\u0632\u0627\u0645 \u0627\u0644\u0645\u0639\u062f\u0629 (\u0627\u0644\u0645\u0634\u0628\u0643)\">\n                                    <\/a><!-- .elementskit-entry-thumb END -->\n                                <\/div>\n                            \n                            <div class=\"col-md-6 order-2\">\n                                <div class=\"elementskit-post-body \">\n                                    <div class=\"elementskit-entry-header\">\n                                        \n                                                                                            \t\t\t\t\t                                            \n                                            \n                                                                                            \t\t\t\t<h2 class=\"entry-title\">\n\t\t\t\t\t<a href=\"https:\/\/drburakkavlakoglu.com\/ar\/%d8%ad%d8%b2%d8%a7%d9%85-%d8%a7%d9%84%d9%85%d8%b9%d8%af%d8%a9-%d8%a7%d9%84%d9%85%d8%b4%d8%a8%d9%83\/\">\n\t\t\t\t\t\t\u062d\u0632\u0627\u0645 \u0627\u0644\u0645\u0639\u062f\u0629 (\u0627\u0644\u0645\u0634\u0628\u0643)\t\t\t\t\t<\/a>\n\t\t\t\t<\/h2>\n\t\t\t                                                                                <\/div><!-- .elementskit-entry-header END -->\n\n                                                                            <div class=\"elementskit-post-footer\">\n                                                                                            <p>\u062a\u0639\u062a\u0628\u0631 \u0639\u0645\u0644\u064a\u0629 \u0631\u0628\u0637 \u0627\u0644\u0645\u0639\u062f\u0629\u060c \u0648\u0627\u0644\u0645\u0639\u0631\u0648\u0641\u0629 \u0634\u0639\u0628\u064a\u0627\u064b \u0628\u0627\u0633\u0645 \u0639\u0645\u0644\u064a\u0629 \u0631\u0628\u0637 \u0627\u0644\u0645\u0639\u062f\u0629\u060c \u0625\u062d\u062f\u0649 \u0627\u0644\u0637\u0631\u0642 \u0627\u0644\u062c\u0631\u0627\u062d\u064a\u0629 \u0627\u0644\u0645\u0633\u062a\u062e\u062f\u0645\u0629 \u0641\u064a \u0639\u0644\u0627\u062c \u0627\u0644\u0633\u0645\u0646\u0629 \u0627\u0644\u0645\u0631\u0636\u064a\u0629. \u062a\u064f\u0639\u0631\u0641 \u0647\u0630\u0647 \u0627\u0644\u0637\u0631\u064a\u0642\u0629 \u0623\u064a\u0636\u064b\u0627 \u0628\u0627\u0633\u0645 \u0631\u0628\u0637 \u0627\u0644\u0645\u0639\u062f\u0629\u061b \u0647\u064a \u0639\u0645\u0644\u064a\u0629 \u0648\u0636\u0639 \u0634\u0631\u064a\u0637 \u062d\u0648\u0644 \u0627\u0644\u0645\u0639\u062f\u0629\u060c \u062d\u0648\u0627\u0644\u064a 200 \u0645\u0644\u0645 \u062a\u062d\u062a \u062a\u0642\u0627\u0637\u0639 \u0627\u0644\u0645\u0631\u064a\u0621 \u0648\u0627\u0644\u0645\u0639\u062f\u0629. \u064a\u062a\u0645 \u0646\u0641\u062e \u0627\u0644\u0634\u0631\u064a\u0637 \u0627\u0644\u0630\u064a \u064a\u062a\u0645 \u0648\u0636\u0639\u0647 \u0641\u064a \u0627\u0644\u0645\u0639\u062f\u0629 \u062e\u0637\u0648\u0629 \u0628\u062e\u0637\u0648\u0629 \u0639\u0646 \u0637\u0631\u064a\u0642 \u062d\u0642\u0646 \u0627\u0644\u0645\u0635\u0644 \u0645\u0646 \u062e\u0644\u0627\u0644 \u0645\u0646\u0641\u0630 [&hellip;]<\/p>\n                                                                                                                                <\/div><!-- .elementskit-post-footer END -->\n                                                                    <\/div><!-- .elementskit-post-body END -->\n                            <\/div>\n                        <\/div>\n                    <\/div><!-- .elementskit-blog-block-post .radius .gradient-bg END -->\n                \n            <\/div>\n                    <div class=\"col-md-12\">\n\n                                    <div class=\"elementskit-blog-block-post\">\n                        <div class=\"row no-gutters\">\n                                                            <div class=\"col-md-6 order-1\">\n                                    <a href=\"https:\/\/drburakkavlakoglu.com\/ar\/%d9%85%d9%86-%d9%87%d9%88-%d8%a3%d8%ae%d8%b5%d8%a7%d8%a6%d9%8a-%d8%a7%d9%84%d8%ac%d8%b1%d8%a7%d8%ad%d8%a9-%d8%a7%d9%84%d8%a3%d9%8a%d8%b6%d9%8a%d8%a9%d8%9f-%d9%85%d8%a7-%d9%87%d9%8a-%d8%a7%d9%84%d8%b9\/\" class=\"elementskit-entry-thumb\">\n                                        <img decoding=\"async\" src=\"https:\/\/drburakkavlakoglu.com\/wp-content\/uploads\/2024\/07\/Metabolik-Cerrahi-Uzmani-Kimdir-Hangi-Cerrahileri-Yapar-.webp\" alt=\"\u0645\u0646 \u0647\u0648 \u0623\u062e\u0635\u0627\u0626\u064a \u0627\u0644\u062c\u0631\u0627\u062d\u0629 \u0627\u0644\u0623\u064a\u0636\u064a\u0629\u061f \u0645\u0627 \u0647\u064a \u0627\u0644\u0639\u0645\u0644\u064a\u0627\u062a \u0627\u0644\u062c\u0631\u0627\u062d\u064a\u0629 \u0627\u0644\u062a\u064a \u064a\u0642\u0648\u0645 \u0628\u0647\u0627\u061f\">\n                                    <\/a><!-- .elementskit-entry-thumb END -->\n                                <\/div>\n                            \n                            <div class=\"col-md-6 order-2\">\n                                <div class=\"elementskit-post-body \">\n                                    <div class=\"elementskit-entry-header\">\n                                        \n                                                                                            \t\t\t\t\t                                            \n                                            \n                                                                                            \t\t\t\t<h2 class=\"entry-title\">\n\t\t\t\t\t<a href=\"https:\/\/drburakkavlakoglu.com\/ar\/%d9%85%d9%86-%d9%87%d9%88-%d8%a3%d8%ae%d8%b5%d8%a7%d8%a6%d9%8a-%d8%a7%d9%84%d8%ac%d8%b1%d8%a7%d8%ad%d8%a9-%d8%a7%d9%84%d8%a3%d9%8a%d8%b6%d9%8a%d8%a9%d8%9f-%d9%85%d8%a7-%d9%87%d9%8a-%d8%a7%d9%84%d8%b9\/\">\n\t\t\t\t\t\t\u0645\u0646 \u0647\u0648 \u0623\u062e\u0635\u0627\u0626\u064a \u0627\u0644\u062c\u0631\u0627\u062d\u0629 \u0627\u0644\u0623\u064a\u0636\u064a\u0629\u061f \u0645\u0627 \u0647\u064a \u0627\u0644\u0639\u0645\u0644\u064a\u0627\u062a \u0627\u0644\u062c\u0631\u0627\u062d\u064a\u0629 \u0627\u0644\u062a\u064a \u064a\u0642\u0648\u0645 \u0628\u0647\u0627\u061f\t\t\t\t\t<\/a>\n\t\t\t\t<\/h2>\n\t\t\t                                                                                <\/div><!-- .elementskit-entry-header END -->\n\n                                                                            <div class=\"elementskit-post-footer\">\n                                                                                            <p>\u0625\u0630\u0627 \u0643\u0646\u062a \u0642\u062f \u0623\u062c\u0631\u064a\u062a \u0628\u062d\u062b\u064b\u0627 \u0639\u0644\u0649 \u0627\u0644\u0625\u0646\u062a\u0631\u0646\u062a \u062d\u0648\u0644 \u0627\u0644\u0633\u0645\u0646\u0629 \u0648\u0627\u0644\u0639\u0644\u0627\u062c\u0627\u062a \u0627\u0644\u062c\u0631\u0627\u062d\u064a\u0629 \u0644\u0644\u0633\u0645\u0646\u0629\u060c \u0623\u0648 \u062a\u062d\u062f\u062b\u062a \u0645\u0639 \u0645\u0639\u0627\u0631\u0641\u0643 \u0623\u0648 \u0627\u0644\u0623\u0634\u062e\u0627\u0635 \u0645\u0646 \u062d\u0648\u0644\u0643 \u0627\u0644\u0630\u064a\u0646 \u062a\u0644\u0642\u0648\u0627 \u062e\u062f\u0645\u0627\u062a \u0637\u0628\u064a\u0629 \u062d\u0648\u0644 \u0647\u0630\u0647 \u0627\u0644\u0642\u0636\u0627\u064a\u0627\u060c \u0641\u0645\u0646 \u0627\u0644\u0645\u062d\u062a\u0645\u0644 \u0623\u0646\u0643 \u0633\u0645\u0639\u062a \u0645\u0635\u0637\u0644\u062d &#8220;\u0627\u0644\u062c\u0631\u0627\u062d\u0629 \u0627\u0644\u0623\u064a\u0636\u064a\u0629&#8221; \u0628\u0627\u0644\u0625\u0636\u0627\u0641\u0629 \u0625\u0644\u0649 \u0645\u0635\u0637\u0644\u062d &#8220;\u0627\u0644\u062c\u0631\u0627\u062d\u0629 \u0627\u0644\u0623\u064a\u0636\u064a\u0629&#8221;. \u0645\u0635\u0637\u0644\u062d\u0627\u062a \u062c\u0631\u0627\u062d\u0629 \u0627\u0644\u0633\u0645\u0646\u0629 \u0648\u062c\u0631\u0627\u062d\u0629 \u0627\u0644\u0633\u0645\u0646\u0629. \u064a\u0642\u062f\u0645 \u0627\u0644\u062c\u0631\u0627\u062d\u0648\u0646 \u0627\u0644\u0645\u062a\u062e\u0635\u0635\u0648\u0646 \u0641\u064a \u0639\u0644\u0627\u062c \u0627\u0644\u0633\u0645\u0646\u0629 \u0648\u0627\u0644\u0627\u0636\u0637\u0631\u0627\u0628\u0627\u062a \u0627\u0644\u0623\u064a\u0636\u064a\u0629 \u0628\u0634\u0643\u0644 \u0639\u0627\u0645 \u0627\u0644\u062e\u062f\u0645\u0627\u062a [&hellip;]<\/p>\n                                                                                                                                <\/div><!-- .elementskit-post-footer END -->\n                                                                    <\/div><!-- .elementskit-post-body END -->\n                            <\/div>\n                        <\/div>\n                    <\/div><!-- .elementskit-blog-block-post .radius .gradient-bg END -->\n                \n            <\/div>\n                <\/div>\n       <\/div>\t\t\t\t<\/div>\n\t\t\t\t<\/div>\n\t\t\t\t\t<\/div>\n\t\t\t\t<\/div>\n\t\t\t\t<\/div>\n\t\t","protected":false},"excerpt":{"rendered":"<p>Obezite Cerrahisinin Riskleri ve Komplikasyonlar\u0131 Laparoskopik y\u00f6ntemle yap\u0131lan obezite cerrahisinin yayg\u0131n kullan\u0131m\u0131 gerek acil hekimlerini gerekse de genel cerrahlar\u0131, bariatrik cerrahinin akut ve kronik komplikasyonlar\u0131 ile kar\u015f\u0131 kar\u015f\u0131ya b\u0131rakm\u0131\u015ft\u0131r. Bariatrik cerrahi ge\u00e7irmi\u015f hastalara herhangi bir acil durumla kar\u015f\u0131la\u015fmas\u0131 durumunda a\u015famal\u0131 bir yakla\u015f\u0131m uygulanmal\u0131d\u0131r. Ya\u015fama d\u00f6nd\u00fcrme giri\u015fimleri obezite ameliyat\u0131 ge\u00e7irmemi\u015f hastalarla ayn\u0131d\u0131r. Bu nedenle bariatrik cerrahla [&hellip;]<\/p>\n","protected":false},"author":1,"featured_media":0,"parent":0,"menu_order":0,"comment_status":"closed","ping_status":"closed","template":"elementor_header_footer","meta":{"footnotes":""},"class_list":["post-28574","page","type-page","status-publish","hentry"],"_links":{"self":[{"href":"https:\/\/drburakkavlakoglu.com\/ar\/wp-json\/wp\/v2\/pages\/28574","targetHints":{"allow":["GET"]}}],"collection":[{"href":"https:\/\/drburakkavlakoglu.com\/ar\/wp-json\/wp\/v2\/pages"}],"about":[{"href":"https:\/\/drburakkavlakoglu.com\/ar\/wp-json\/wp\/v2\/types\/page"}],"author":[{"embeddable":true,"href":"https:\/\/drburakkavlakoglu.com\/ar\/wp-json\/wp\/v2\/users\/1"}],"replies":[{"embeddable":true,"href":"https:\/\/drburakkavlakoglu.com\/ar\/wp-json\/wp\/v2\/comments?post=28574"}],"version-history":[{"count":0,"href":"https:\/\/drburakkavlakoglu.com\/ar\/wp-json\/wp\/v2\/pages\/28574\/revisions"}],"wp:attachment":[{"href":"https:\/\/drburakkavlakoglu.com\/ar\/wp-json\/wp\/v2\/media?parent=28574"}],"curies":[{"name":"wp","href":"https:\/\/api.w.org\/{rel}","templated":true}]}}