{"id":28381,"date":"2024-07-20T23:51:33","date_gmt":"2024-07-20T23:51:33","guid":{"rendered":"https:\/\/drburakkavlakoglu.com\/endoskopik-sleeve-gastroplasti\/"},"modified":"2024-08-30T09:19:41","modified_gmt":"2024-08-30T09:19:41","slug":"endoskopik-sleeve-gastroplasti-2","status":"publish","type":"page","link":"https:\/\/drburakkavlakoglu.com\/fr\/endoskopik-sleeve-gastroplasti-2\/","title":{"rendered":"Endoskopik Sleeve Gastroplasti"},"content":{"rendered":"<ol><li><a href=\"https:\/\/drburakkavlakoglu.com\/fr\/\">Home<\/a><\/li><\/ol>\t\t\n\t\t\t<style>\/*! elementor - v3.23.0 - 25-07-2024 *\/\n.elementor-heading-title{padding:0;margin:0;line-height:1}.elementor-widget-heading .elementor-heading-title[class*=elementor-size-]>a{color:inherit;font-size:inherit;line-height:inherit}.elementor-widget-heading .elementor-heading-title.elementor-size-small{font-size:15px}.elementor-widget-heading .elementor-heading-title.elementor-size-medium{font-size:19px}.elementor-widget-heading .elementor-heading-title.elementor-size-large{font-size:29px}.elementor-widget-heading .elementor-heading-title.elementor-size-xl{font-size:39px}.elementor-widget-heading .elementor-heading-title.elementor-size-xxl{font-size:59px}<\/style><h2>Endoskopik Sleeve Gastroplasti<\/h2>\t\t\n\t\t<p>Gastrik Bypass ameliyat\u0131; obezite cerrahisinde duruma g\u00f6re tercih edilen y\u00f6ntemlerden bir tanesidir.\u00a0<\/p>\t\t\n\t\t\t<style>\/*! elementor - v3.23.0 - 25-07-2024 *\/\n.elementor-widget-image{text-align:center}.elementor-widget-image a{display:inline-block}.elementor-widget-image a img[src$=\".svg\"]{width:48px}.elementor-widget-image img{vertical-align:middle;display:inline-block}<\/style>\t\t\t\t\t\t\t\t\t\t\t<a href=\"https:\/\/www.google.com\/search?sca_esv=ed219b31d6377477&#038;sca_upv=1&#038;sxsrf=ADLYWIL9H3WypNPm5qgGVH_NEBBNa0a-6A:1721685983658&#038;uds=ADvngMjcH0KdF7qGWtwTBrP0nt7dAAh-P1KL938xtHbIzGFidwj1wCL4QjUP6G0BmxXB8jfnX-GgafNXffYyVmQCW3OIUlOFqMkik6VRpwS8Pnj2RXPf0u5XGDp4XLT4r9ApDfxeE3pk8hRBqUIJQC0sE4S0aPwm7g&#038;si=ACC90nwjPmqJHrCEt6ewASzksVFQDX8zco_7MgBaIawvaF4-7nBcqUBteWWsKkrs66FOY__lDY_7Rf-CkvNwKPH4PIxrBIvw81cqAeWHc08LSL6jL-4aPBg%3D&#038;q=Prof.+Dr.+Burak+Kavlako%C4%9Flu+%7C+Genel+Cerrahi,+Obezite+Cerrahisi,+Metabolik+Cerrahi+Yorumlar&#038;sa=X&#038;ved=2ahUKEwjl2eGL1LuHAxWcUaQEHTCqCW8Q3PALegQISRAF&#038;biw=1680&#038;bih=826&#038;dpr=2\" target=\"_blank\" rel=\"noopener\">\n\t\t\t\t\t\t\t<img fetchpriority=\"high\" decoding=\"async\" width=\"430\" height=\"174\" src=\"https:\/\/drburakkavlakoglu.com\/wp-content\/uploads\/2024\/07\/google-review-badge-gmb.webp\" alt=\"\" srcset=\"https:\/\/drburakkavlakoglu.com\/wp-content\/uploads\/2024\/07\/google-review-badge-gmb.webp 430w, https:\/\/drburakkavlakoglu.com\/wp-content\/uploads\/2024\/07\/google-review-badge-gmb-300x121.webp 300w\" sizes=\"(max-width: 430px) 100vw, 430px\" \/>\t\t\t\t\t\t\t\t<\/a>\n\t\t\t\t\t\t\t\t\t\t\t\t\t\t<a href=\"https:\/\/www.trustpilot.com\/review\/drburakkavlakoglu.com\" target=\"_blank\" rel=\"noopener\">\n\t\t\t\t\t\t\t<img decoding=\"async\" width=\"980\" height=\"551\" src=\"https:\/\/drburakkavlakoglu.com\/wp-content\/uploads\/2020\/10\/trustpilot.com_logo-2048x1152-1-1024x576.png\" alt=\"\" srcset=\"https:\/\/drburakkavlakoglu.com\/wp-content\/uploads\/2020\/10\/trustpilot.com_logo-2048x1152-1-1024x576.png 1024w, https:\/\/drburakkavlakoglu.com\/wp-content\/uploads\/2020\/10\/trustpilot.com_logo-2048x1152-1-300x169.png 300w, https:\/\/drburakkavlakoglu.com\/wp-content\/uploads\/2020\/10\/trustpilot.com_logo-2048x1152-1-768x432.png 768w, https:\/\/drburakkavlakoglu.com\/wp-content\/uploads\/2020\/10\/trustpilot.com_logo-2048x1152-1-1536x864.png 1536w, https:\/\/drburakkavlakoglu.com\/wp-content\/uploads\/2020\/10\/trustpilot.com_logo-2048x1152-1-800x450.png 800w, https:\/\/drburakkavlakoglu.com\/wp-content\/uploads\/2020\/10\/trustpilot.com_logo-2048x1152-1.png 2048w\" sizes=\"(max-width: 980px) 100vw, 980px\" \/>\t\t\t\t\t\t\t\t<\/a>\n\t\t\n<h2 class=\"wp-block-heading\"><\/h2>\n\t\t\n\t\t\t<link rel=\"stylesheet\" href=\"https:\/\/drburakkavlakoglu.com\/wp-content\/plugins\/elementor\/assets\/css\/widget-icon-box.min.css\">\t\t\n\t\t\t\t<svg aria-hidden=\"true\" viewBox=\"0 0 640 512\" xmlns=\"http:\/\/www.w3.org\/2000\/svg\"><path d=\"M176 256c44.11 0 80-35.89 80-80s-35.89-80-80-80-80 35.89-80 80 35.89 80 80 80zm352-128H304c-8.84 0-16 7.16-16 16v144H64V80c0-8.84-7.16-16-16-16H16C7.16 64 0 71.16 0 80v352c0 8.84 7.16 16 16 16h32c8.84 0 16-7.16 16-16v-48h512v48c0 8.84 7.16 16 16 16h32c8.84 0 16-7.16 16-16V240c0-61.86-50.14-112-112-112z\"><\/path><\/svg>\t\t\t\t\n\t\t\t\t\t\t\t\t\t<h3>\n\t\t\t\t\t\t\t5 G\u00dcN\t\t\t\t\t\t\n\t\t\t\t\t<\/h3>\n\t\t\t\t\t\t\t\t\t<p>\n\t\t\t\t\t\tKonaklama\t\t\t\t\t<\/p>\n\t\t\t\t\t\t\t\t\t<h3>\n\t\t\t\t\t\t\t\u00c7ALI\u015eMA\t\t\t\t\t\t\n\t\t\t\t\t<\/h3>\n\t\t\t\t\t\t\t\t\t<p>\n\t\t\t\t\t\t2-4 Saat\t\t\t\t\t<\/p>\n\t\t\t\t<svg aria-hidden=\"true\" viewBox=\"0 0 512 512\" xmlns=\"http:\/\/www.w3.org\/2000\/svg\"><path d=\"M320.2 243.8l-49.7 99.4c-6 12.1-23.4 11.7-28.9-.6l-56.9-126.3-30 71.7H60.6l182.5 186.5c7.1 7.3 18.6 7.3 25.7 0L451.4 288H342.3l-22.1-44.2zM473.7 73.9l-2.4-2.5c-51.5-52.6-135.8-52.6-187.4 0L256 100l-27.9-28.5c-51.5-52.7-135.9-52.7-187.4 0l-2.4 2.4C-10.4 123.7-12.5 203 31 256h102.4l35.9-86.2c5.4-12.9 23.6-13.2 29.4-.4l58.2 129.3 49-97.9c5.9-11.8 22.7-11.8 28.6 0l27.6 55.2H481c43.5-53 41.4-132.3-7.3-182.1z\"><\/path><\/svg>\t\t\t\t\n\t\t\t\t\t\t\t\t\t<h3>\n\t\t\t\t\t\t\t1-2 HAFTA\t\t\t\t\t\t\n\t\t\t\t\t<\/h3>\n\t\t\t\t\t\t\t\t\t<p>\n\t\t\t\t\t\t\u0130yile\u015fme S\u00fcresi\t\t\t\t\t<\/p>\n\t\t\t\t<svg aria-hidden=\"true\" viewBox=\"0 0 448 512\" xmlns=\"http:\/\/www.w3.org\/2000\/svg\"><path d=\"M148 288h-40c-6.6 0-12-5.4-12-12v-40c0-6.6 5.4-12 12-12h40c6.6 0 12 5.4 12 12v40c0 6.6-5.4 12-12 12zm108-12v-40c0-6.6-5.4-12-12-12h-40c-6.6 0-12 5.4-12 12v40c0 6.6 5.4 12 12 12h40c6.6 0 12-5.4 12-12zm96 0v-40c0-6.6-5.4-12-12-12h-40c-6.6 0-12 5.4-12 12v40c0 6.6 5.4 12 12 12h40c6.6 0 12-5.4 12-12zm-96 96v-40c0-6.6-5.4-12-12-12h-40c-6.6 0-12 5.4-12 12v40c0 6.6 5.4 12 12 12h40c6.6 0 12-5.4 12-12zm-96 0v-40c0-6.6-5.4-12-12-12h-40c-6.6 0-12 5.4-12 12v40c0 6.6 5.4 12 12 12h40c6.6 0 12-5.4 12-12zm192 0v-40c0-6.6-5.4-12-12-12h-40c-6.6 0-12 5.4-12 12v40c0 6.6 5.4 12 12 12h40c6.6 0 12-5.4 12-12zm96-260v352c0 26.5-21.5 48-48 48H48c-26.5 0-48-21.5-48-48V112c0-26.5 21.5-48 48-48h48V12c0-6.6 5.4-12 12-12h40c6.6 0 12 5.4 12 12v52h128V12c0-6.6 5.4-12 12-12h40c6.6 0 12 5.4 12 12v52h48c26.5 0 48 21.5 48 48zm-48 346V160H48v298c0 3.3 2.7 6 6 6h340c3.3 0 6-2.7 6-6z\"><\/path><\/svg>\t\t\t\t\n\t\t\t\t\t\t\t\t\t<h3>\n\t\t\t\t\t\t\t5 G\u00dcN\t\t\t\t\t\t\n\t\t\t\t\t<\/h3>\n\t\t\t\t\t\t\t\t\t<p>\n\t\t\t\t\t\tTakip Ziyareti\t\t\t\t\t<\/p>\n\t\t\n<h2 class=\"wp-block-heading\"><\/h2>\n\t\t\n\t\t\t<h2>Tedavilerimiz<\/h2>\t\t\n\t\t\t<h2>Doktora Sorun<\/h2>\t\t\n\t\t\t<h2>Endoskopik Sleeve Gastroplasti<\/h2>\t\t\n\t\t<section>\n<section>\n<p>Endoskopik sleeve gastroplasti (ESG) kilo kayb\u0131 amac\u0131yla son y\u0131llarda geli\u015ftirilen endoskopik bir i\u015flemdir. ESG i\u00e7in bir endoskop ve overstitch ad\u0131 verilen \u00f6zel diki\u015f koyma cihaz\u0131 gereklidir. Bu \u00f6zel cihaz kullan\u0131larak mide hacmini i\u00e7eriden uygulanan diki\u015flerle k\u00fc\u00e7\u00fclten, hacim k\u0131s\u0131tlay\u0131c\u0131 bir cerrahi tekniktir. Midenin d\u00fc\u015fen kapasitesi sonucunda miktar olarak daha k\u00fc\u00e7\u00fck \u00f6\u011f\u00fcnlerle tokluk hissine yol a\u00e7arak kilo kayb\u0131n\u0131 sa\u011flar. Bu i\u015flemin aday\u0131n bireysel ko\u015fullar\u0131na uygun olup olmad\u0131\u011f\u0131n\u0131 belirlemek ve potansiyel riskleri ve faydalar\u0131 tart\u0131\u015fmak i\u00e7in bariyatrik cerrahi uzman\u0131na dan\u0131\u015f\u0131lmas\u0131 gereklidir.<\/p>\n<p><img decoding=\"async\" src=\"https:\/\/drbk.ademcakir.com.tr\/wp-content\/uploads\/2024\/07\/Endoskopik_sleeve_gastroplasti.png\" alt=\"\" width=\"1324\" height=\"1073\" \/><\/p>\n<p>Hem laparoskopik t\u00fcp mide ameliyat\u0131 hem de endoskopik t\u00fcp mide prosed\u00fcr\u00fc (ESG) etkili kilo verme teknikleridir, ancak invazivlik ve uzun vadeli sonu\u00e7lar a\u00e7\u0131s\u0131ndan farkl\u0131l\u0131k g\u00f6sterirler.<\/p>\n<p>T\u00fcp mide olarak da bilinen laparoskopik t\u00fcp mide ameliyat\u0131, midenin b\u00fcy\u00fck bir k\u0131sm\u0131n\u0131n \u00e7\u0131kar\u0131lmas\u0131 ile hacim k\u0131s\u0131tlay\u0131c\u0131 tipte bir cerrahi i\u015flemdir. Tipik olarak bir laparoskop kullan\u0131larak birka\u00e7 k\u00fc\u00e7\u00fck insizyonla ger\u00e7ekle\u015ftirilir. Bu ameliyat mide anatomisini kal\u0131c\u0131 olarak de\u011fi\u015ftirir.<\/p>\n<img loading=\"lazy\" decoding=\"async\" src=\"https:\/\/drbk.ademcakir.com.tr\/wp-content\/uploads\/2024\/07\/maxresdefault-3.jpg\" alt=\"\" width=\"1280\" height=\"720\" \/>\n<p>ESG ise endoskopik olarak yap\u0131lan cerrahi olmayan bir i\u015flemdir. Herhangi bir d\u0131\u015f kesi olmaks\u0131z\u0131n sindirim sisteminden\u00a0<\/p>\n<p>endoskop ve endoskopa entegre \u00f6zel bir endoskopik overstitch ad\u0131 verilen diki\u015f cihaz\u0131 ile yerle\u015ftirilen diki\u015fler ve z\u0131mbalar kullan\u0131larak midenin i\u00e7 hacminin k\u00fc\u00e7\u00fclt\u00fclmesi i\u015flemidir.<\/p>\n<\/section>\n<\/section>","protected":false},"excerpt":{"rendered":"<p>Home Endoskopik Sleeve Gastroplasti Gastrik Bypass ameliyat\u0131; obezite cerrahisinde duruma g\u00f6re tercih edilen y\u00f6ntemlerden bir tanesidir.\u00a0 5 G\u00dcN Konaklama \u00c7ALI\u015eMA 2-4 Saat 1-2 HAFTA \u0130yile\u015fme S\u00fcresi 5 G\u00dcN Takip Ziyareti Tedavilerimiz Doktora Sorun Endoskopik Sleeve Gastroplasti Endoskopik sleeve gastroplasti (ESG) kilo kayb\u0131 amac\u0131yla son y\u0131llarda geli\u015ftirilen endoskopik bir i\u015flemdir. ESG i\u00e7in bir endoskop ve overstitch [&hellip;]<\/p>\n","protected":false},"author":1,"featured_media":0,"parent":0,"menu_order":0,"comment_status":"closed","ping_status":"closed","template":"elementor_header_footer","meta":{"footnotes":""},"class_list":["post-28381","page","type-page","status-publish","hentry"],"_links":{"self":[{"href":"https:\/\/drburakkavlakoglu.com\/fr\/wp-json\/wp\/v2\/pages\/28381","targetHints":{"allow":["GET"]}}],"collection":[{"href":"https:\/\/drburakkavlakoglu.com\/fr\/wp-json\/wp\/v2\/pages"}],"about":[{"href":"https:\/\/drburakkavlakoglu.com\/fr\/wp-json\/wp\/v2\/types\/page"}],"author":[{"embeddable":true,"href":"https:\/\/drburakkavlakoglu.com\/fr\/wp-json\/wp\/v2\/users\/1"}],"replies":[{"embeddable":true,"href":"https:\/\/drburakkavlakoglu.com\/fr\/wp-json\/wp\/v2\/comments?post=28381"}],"version-history":[{"count":0,"href":"https:\/\/drburakkavlakoglu.com\/fr\/wp-json\/wp\/v2\/pages\/28381\/revisions"}],"wp:attachment":[{"href":"https:\/\/drburakkavlakoglu.com\/fr\/wp-json\/wp\/v2\/media?parent=28381"}],"curies":[{"name":"wp","href":"https:\/\/api.w.org\/{rel}","templated":true}]}}