{"id":28439,"date":"2024-07-18T07:24:33","date_gmt":"2024-07-18T07:24:33","guid":{"rendered":"https:\/\/drburakkavlakoglu.com\/cancer-de-lestomac\/"},"modified":"2024-09-04T13:09:51","modified_gmt":"2024-09-04T13:09:51","slug":"cancer-de-lestomac","status":"publish","type":"page","link":"https:\/\/drburakkavlakoglu.com\/fr\/cancer-de-lestomac\/","title":{"rendered":"Cancer de l&rsquo;estomac"},"content":{"rendered":"\t\t<div data-elementor-type=\"wp-page\" data-elementor-id=\"28439\" class=\"elementor elementor-28439\" data-elementor-post-type=\"page\">\n\t\t\t\t<div class=\"elementor-element elementor-element-915fdd2 e-flex e-con-boxed e-con e-parent\" data-id=\"915fdd2\" data-element_type=\"container\" data-e-type=\"container\" data-settings=\"{&quot;background_background&quot;:&quot;classic&quot;}\">\n\t\t\t\t\t<div class=\"e-con-inner\">\n\t\t<div class=\"elementor-element elementor-element-7dc1467 e-con-full e-flex e-con e-child\" data-id=\"7dc1467\" data-element_type=\"container\" data-e-type=\"container\">\n\t\t\t\t<div class=\"elementor-element elementor-element-e812103 elementor-widget elementor-widget-heading\" data-id=\"e812103\" data-element_type=\"widget\" data-e-type=\"widget\" data-widget_type=\"heading.default\">\n\t\t\t\t<div class=\"elementor-widget-container\">\n\t\t\t\t\t<h2 class=\"elementor-heading-title elementor-size-default\">Cancer de l'estomac<\/h2>\t\t\t\t<\/div>\n\t\t\t\t<\/div>\n\t\t\t\t<div class=\"elementor-element elementor-element-e73c410 elementor-widget elementor-widget-text-editor\" data-id=\"e73c410\" data-element_type=\"widget\" data-e-type=\"widget\" data-widget_type=\"text-editor.default\">\n\t\t\t\t<div class=\"elementor-widget-container\">\n\t\t\t\t\t\t\t\t\t<p>Le cancer de l&rsquo;estomac est une maladie qui survient sous l&rsquo;influence de facteurs \u00e0 la fois g\u00e9n\u00e9tiques et environnementaux et qui est tr\u00e8s courante dans la soci\u00e9t\u00e9.<\/p>\n\t\t\t\t\t\t\t\t<\/div>\n\t\t\t\t<\/div>\n\t\t<div class=\"elementor-element elementor-element-f112f5f e-con-full e-flex e-con e-child\" data-id=\"f112f5f\" data-element_type=\"container\" data-e-type=\"container\">\n\t\t\t\t<div class=\"elementor-element elementor-element-d6f6258 elementor-widget__width-initial elementor-widget elementor-widget-image\" data-id=\"d6f6258\" data-element_type=\"widget\" data-e-type=\"widget\" data-widget_type=\"image.default\">\n\t\t\t\t<div class=\"elementor-widget-container\">\n\t\t\t\t\t\t\t\t\t\t\t\t\t\t\t\t<a href=\"https:\/\/www.google.com\/search?sca_esv=ed219b31d6377477&#038;sca_upv=1&#038;sxsrf=ADLYWIL9H3WypNPm5qgGVH_NEBBNa0a-6A:1721685983658&#038;uds=ADvngMjcH0KdF7qGWtwTBrP0nt7dAAh-P1KL938xtHbIzGFidwj1wCL4QjUP6G0BmxXB8jfnX-GgafNXffYyVmQCW3OIUlOFqMkik6VRpwS8Pnj2RXPf0u5XGDp4XLT4r9ApDfxeE3pk8hRBqUIJQC0sE4S0aPwm7g&#038;si=ACC90nwjPmqJHrCEt6ewASzksVFQDX8zco_7MgBaIawvaF4-7nBcqUBteWWsKkrs66FOY__lDY_7Rf-CkvNwKPH4PIxrBIvw81cqAeWHc08LSL6jL-4aPBg%3D&#038;q=Prof.+Dr.+Burak+Kavlako%C4%9Flu+%7C+Genel+Cerrahi,+Obezite+Cerrahisi,+Metabolik+Cerrahi+Yorumlar&#038;sa=X&#038;ved=2ahUKEwjl2eGL1LuHAxWcUaQEHTCqCW8Q3PALegQISRAF&#038;biw=1680&#038;bih=826&#038;dpr=2\" target=\"_blank\">\n\t\t\t\t\t\t\t<img fetchpriority=\"high\" decoding=\"async\" width=\"430\" height=\"174\" src=\"https:\/\/drburakkavlakoglu.com\/wp-content\/uploads\/2024\/07\/google-review-badge-gmb.webp\" class=\"attachment-large size-large wp-image-26452\" alt=\"\" srcset=\"https:\/\/drburakkavlakoglu.com\/wp-content\/uploads\/2024\/07\/google-review-badge-gmb.webp 430w, https:\/\/drburakkavlakoglu.com\/wp-content\/uploads\/2024\/07\/google-review-badge-gmb-300x121.webp 300w\" sizes=\"(max-width: 430px) 100vw, 430px\" \/>\t\t\t\t\t\t\t\t<\/a>\n\t\t\t\t\t\t\t\t\t\t\t\t\t\t\t<\/div>\n\t\t\t\t<\/div>\n\t\t\t\t<div class=\"elementor-element elementor-element-789410b elementor-widget__width-initial elementor-widget elementor-widget-image\" data-id=\"789410b\" data-element_type=\"widget\" data-e-type=\"widget\" data-widget_type=\"image.default\">\n\t\t\t\t<div class=\"elementor-widget-container\">\n\t\t\t\t\t\t\t\t\t\t\t\t\t\t\t\t<a href=\"https:\/\/www.trustpilot.com\/review\/drburakkavlakoglu.com\" target=\"_blank\">\n\t\t\t\t\t\t\t<img decoding=\"async\" width=\"980\" height=\"551\" src=\"https:\/\/drburakkavlakoglu.com\/wp-content\/uploads\/2020\/10\/trustpilot.com_logo-2048x1152-1-1024x576.png\" class=\"attachment-large size-large wp-image-26576\" alt=\"\" srcset=\"https:\/\/drburakkavlakoglu.com\/wp-content\/uploads\/2020\/10\/trustpilot.com_logo-2048x1152-1-1024x576.png 1024w, https:\/\/drburakkavlakoglu.com\/wp-content\/uploads\/2020\/10\/trustpilot.com_logo-2048x1152-1-300x169.png 300w, https:\/\/drburakkavlakoglu.com\/wp-content\/uploads\/2020\/10\/trustpilot.com_logo-2048x1152-1-768x432.png 768w, https:\/\/drburakkavlakoglu.com\/wp-content\/uploads\/2020\/10\/trustpilot.com_logo-2048x1152-1-1536x864.png 1536w, https:\/\/drburakkavlakoglu.com\/wp-content\/uploads\/2020\/10\/trustpilot.com_logo-2048x1152-1-800x450.png 800w, https:\/\/drburakkavlakoglu.com\/wp-content\/uploads\/2020\/10\/trustpilot.com_logo-2048x1152-1.png 2048w\" sizes=\"(max-width: 980px) 100vw, 980px\" \/>\t\t\t\t\t\t\t\t<\/a>\n\t\t\t\t\t\t\t\t\t\t\t\t\t\t\t<\/div>\n\t\t\t\t<\/div>\n\t\t\t\t<\/div>\n\t\t\t\t<\/div>\n\t\t<div class=\"elementor-element elementor-element-0c11ed4 elementor-hidden-mobile e-flex e-con-boxed e-con e-child\" data-id=\"0c11ed4\" data-element_type=\"container\" data-e-type=\"container\" data-settings=\"{&quot;background_background&quot;:&quot;classic&quot;}\">\n\t\t\t\t\t<div class=\"e-con-inner\">\n\t\t\t\t\t<\/div>\n\t\t\t\t<\/div>\n\t\t\t\t\t<\/div>\n\t\t\t\t<\/div>\n\t\t<div class=\"elementor-element elementor-element-ad65971 e-flex e-con-boxed e-con e-parent\" data-id=\"ad65971\" data-element_type=\"container\" data-e-type=\"container\" data-settings=\"{&quot;background_background&quot;:&quot;classic&quot;}\">\n\t\t\t\t\t<div class=\"e-con-inner\">\n\t\t<div class=\"elementor-element elementor-element-ec766ad e-con-full e-flex e-con e-child\" data-id=\"ec766ad\" data-element_type=\"container\" data-e-type=\"container\">\n\t\t<div class=\"elementor-element elementor-element-954b9ba e-con-full e-flex e-con e-child\" data-id=\"954b9ba\" data-element_type=\"container\" data-e-type=\"container\">\n\t\t\t\t<\/div>\n\t\t\t\t<\/div>\n\t\t<div class=\"elementor-element elementor-element-4c2699b e-flex e-con-boxed e-con e-child\" data-id=\"4c2699b\" data-element_type=\"container\" data-e-type=\"container\" data-settings=\"{&quot;background_background&quot;:&quot;classic&quot;}\">\n\t\t\t\t\t<div class=\"e-con-inner\">\n\t\t\t\t<div class=\"elementor-element elementor-element-14974a0 elementor-button-align-stretch elementor-widget elementor-widget-form\" data-id=\"14974a0\" data-element_type=\"widget\" data-e-type=\"widget\" data-settings=\"{&quot;step_next_label&quot;:&quot;Next&quot;,&quot;step_previous_label&quot;:&quot;Previous&quot;,&quot;button_width&quot;:&quot;100&quot;,&quot;step_type&quot;:&quot;number_text&quot;,&quot;step_icon_shape&quot;:&quot;circle&quot;}\" data-widget_type=\"form.default\">\n\t\t\t\t<div class=\"elementor-widget-container\">\n\t\t\t\t\t\t\t<form class=\"elementor-form\" method=\"post\" name=\"New Form\">\n\t\t\t<input type=\"hidden\" name=\"post_id\" value=\"28439\"\/>\n\t\t\t<input type=\"hidden\" name=\"form_id\" value=\"14974a0\"\/>\n\t\t\t<input type=\"hidden\" name=\"referer_title\" value=\"\" \/>\n\n\t\t\t\n\t\t\t<div class=\"elementor-form-fields-wrapper elementor-labels-above\">\n\t\t\t\t\t\t\t\t<div class=\"elementor-field-type-text elementor-field-group elementor-column elementor-field-group-name elementor-col-100\">\n\t\t\t\t\t\t\t\t\t\t\t\t\t<input size=\"1\" type=\"text\" name=\"form_fields[name]\" id=\"form-field-name\" class=\"elementor-field elementor-size-sm  elementor-field-textual\" placeholder=\"Nom et surnom\">\n\t\t\t\t\t\t\t\t\t\t\t<\/div>\n\t\t\t\t\t\t\t\t<div class=\"elementor-field-type-tel elementor-field-group elementor-column elementor-field-group-email elementor-col-100 elementor-field-required\">\n\t\t\t\t\t<span class=\"ccfef-editor-intl-input\" data-id=\"form-field-email\" data-field-id=\"aa50e00\" data-default-country=\"us\" data-include-countries=\"\" data-exclude-countries=\"\" data-dial-code-visibility=\"show\" data-strict-mode=\"no\" style=\"display: none;\"><\/span>\t\t<input size=\"1\" type=\"tel\" name=\"form_fields[email]\" id=\"form-field-email\" class=\"elementor-field elementor-size-sm  elementor-field-textual\" placeholder=\"T\u00e9l\u00e9phone\" required=\"required\" aria-required=\"true\" pattern=\"[0-9()#&amp;+*-=.]+\" title=\"Only numbers and phone characters (#, -, *, etc) are accepted.\">\n\n\t\t\t\t\t\t<\/div>\n\t\t\t\t\t\t\t\t<div class=\"elementor-field-type-email elementor-field-group elementor-column elementor-field-group-field_922a852 elementor-col-100 elementor-field-required\">\n\t\t\t\t\t\t\t\t\t\t\t\t\t<input size=\"1\" type=\"email\" name=\"form_fields[field_922a852]\" id=\"form-field-field_922a852\" class=\"elementor-field elementor-size-sm  elementor-field-textual\" placeholder=\"Email\" required=\"required\" aria-required=\"true\">\n\t\t\t\t\t\t\t\t\t\t\t<\/div>\n\t\t\t\t\t\t\t\t<div class=\"elementor-field-type-textarea elementor-field-group elementor-column elementor-field-group-message elementor-col-100\">\n\t\t\t\t\t<textarea class=\"elementor-field-textual elementor-field  elementor-size-sm\" name=\"form_fields[message]\" id=\"form-field-message\" rows=\"4\" placeholder=\"Votre message\"><\/textarea>\t\t\t\t<\/div>\n\t\t\t\t\t\t\t\t<div class=\"elementor-field-group elementor-column elementor-field-type-submit elementor-col-100 e-form__buttons\">\n\t\t\t\t\t<button class=\"elementor-button elementor-size-sm\" type=\"submit\">\n\t\t\t\t\t\t<span class=\"elementor-button-content-wrapper\">\n\t\t\t\t\t\t\t\t\t\t\t\t\t\t\t\t\t\t\t\t\t\t<span class=\"elementor-button-text\">Envoyer<\/span>\n\t\t\t\t\t\t\t\t\t\t\t\t\t<\/span>\n\t\t\t\t\t<\/button>\n\t\t\t\t<\/div>\n\t\t\t<\/div>\n\t\t<\/form>\n\t\t\t\t\t\t<\/div>\n\t\t\t\t<\/div>\n\t\t\t\t\t<\/div>\n\t\t\t\t<\/div>\n\t\t\t\t\t<\/div>\n\t\t\t\t<\/div>\n\t\t\t\t<div class=\"elementor-section elementor-top-section elementor-element elementor-element-05c0908 elementor-section-stretched elementor-section-height-min-height elementor-section-items-top elementor-section-boxed elementor-section-height-default\" data-id=\"05c0908\" data-element_type=\"section\" data-e-type=\"section\" data-settings=\"{&quot;stretch_section&quot;:&quot;section-stretched&quot;}\">\n\t\t\t\t\t\t<div class=\"elementor-container elementor-column-gap-no\">\n\t\t\t\t\t<div class=\"elementor-column elementor-col-50 elementor-top-column elementor-element elementor-element-91773e9 elementor-hidden-mobile\" data-id=\"91773e9\" data-element_type=\"column\" data-e-type=\"column\">\n\t\t\t<div class=\"elementor-widget-wrap elementor-element-populated\">\n\t\t\t\t\t\t<div class=\"elementor-element elementor-element-79c1f5d elementor-widget elementor-widget-heading\" data-id=\"79c1f5d\" data-element_type=\"widget\" data-e-type=\"widget\" data-widget_type=\"heading.default\">\n\t\t\t\t<div class=\"elementor-widget-container\">\n\t\t\t\t\t<h2 class=\"elementor-heading-title elementor-size-default\">Nos soins<\/h2>\t\t\t\t<\/div>\n\t\t\t\t<\/div>\n\t\t\t\t<div class=\"elementor-element elementor-element-6185011 elementor-nav-menu--dropdown-tablet elementor-nav-menu__text-align-aside elementor-nav-menu--toggle elementor-nav-menu--burger elementor-widget elementor-widget-nav-menu\" data-id=\"6185011\" data-element_type=\"widget\" data-e-type=\"widget\" data-settings=\"{&quot;layout&quot;:&quot;vertical&quot;,&quot;submenu_icon&quot;:{&quot;value&quot;:&quot;&lt;svg class=\\&quot;e-font-icon-svg e-fas-caret-down\\&quot; viewBox=\\&quot;0 0 320 512\\&quot; xmlns=\\&quot;http:\\\/\\\/www.w3.org\\\/2000\\\/svg\\&quot;&gt;&lt;path d=\\&quot;M31.3 192h257.3c17.8 0 26.7 21.5 14.1 34.1L174.1 354.8c-7.8 7.8-20.5 7.8-28.3 0L17.2 226.1C4.6 213.5 13.5 192 31.3 192z\\&quot;&gt;&lt;\\\/path&gt;&lt;\\\/svg&gt;&quot;,&quot;library&quot;:&quot;fa-solid&quot;},&quot;toggle&quot;:&quot;burger&quot;}\" data-widget_type=\"nav-menu.default\">\n\t\t\t\t<div class=\"elementor-widget-container\">\n\t\t\t\t\t\t\t\t<nav class=\"elementor-nav-menu--main elementor-nav-menu__container elementor-nav-menu--layout-vertical e--pointer-underline e--animation-fade\">\n\t\t\t\t<ul id=\"menu-1-6185011\" class=\"elementor-nav-menu sm-vertical\"><li class=\"menu-item menu-item-type-post_type menu-item-object-page menu-item-29065\"><a href=\"https:\/\/drburakkavlakoglu.com\/fr\/cancer-de-lestomac\/\" class=\"elementor-item\">Cancer de l&rsquo;estomac<\/a><\/li>\n<li class=\"menu-item menu-item-type-post_type menu-item-object-page menu-item-29066\"><a href=\"https:\/\/drburakkavlakoglu.com\/fr\/cancer-du-pancreas\/\" class=\"elementor-item\">Cancer du pancr\u00e9as<\/a><\/li>\n<\/ul>\t\t\t<\/nav>\n\t\t\t\t\t<div class=\"elementor-menu-toggle\" role=\"button\" tabindex=\"0\" aria-label=\"Menu Toggle\" aria-expanded=\"false\">\n\t\t\t<svg aria-hidden=\"true\" role=\"presentation\" class=\"elementor-menu-toggle__icon--open e-font-icon-svg e-eicon-menu-bar\" viewBox=\"0 0 1000 1000\" xmlns=\"http:\/\/www.w3.org\/2000\/svg\"><path d=\"M104 333H896C929 333 958 304 958 271S929 208 896 208H104C71 208 42 237 42 271S71 333 104 333ZM104 583H896C929 583 958 554 958 521S929 458 896 458H104C71 458 42 487 42 521S71 583 104 583ZM104 833H896C929 833 958 804 958 771S929 708 896 708H104C71 708 42 737 42 771S71 833 104 833Z\"><\/path><\/svg><svg aria-hidden=\"true\" role=\"presentation\" class=\"elementor-menu-toggle__icon--close e-font-icon-svg e-eicon-close\" viewBox=\"0 0 1000 1000\" xmlns=\"http:\/\/www.w3.org\/2000\/svg\"><path d=\"M742 167L500 408 258 167C246 154 233 150 217 150 196 150 179 158 167 167 154 179 150 196 150 212 150 229 154 242 171 254L408 500 167 742C138 771 138 800 167 829 196 858 225 858 254 829L496 587 738 829C750 842 767 846 783 846 800 846 817 842 829 829 842 817 846 804 846 783 846 767 842 750 829 737L588 500 833 258C863 229 863 200 833 171 804 137 775 137 742 167Z\"><\/path><\/svg>\t\t\t<span class=\"elementor-screen-only\">Menu<\/span>\n\t\t<\/div>\n\t\t\t\t\t<nav class=\"elementor-nav-menu--dropdown elementor-nav-menu__container\" aria-hidden=\"true\">\n\t\t\t\t<ul id=\"menu-2-6185011\" class=\"elementor-nav-menu sm-vertical\"><li class=\"menu-item menu-item-type-post_type menu-item-object-page menu-item-29065\"><a href=\"https:\/\/drburakkavlakoglu.com\/fr\/cancer-de-lestomac\/\" class=\"elementor-item\" tabindex=\"-1\">Cancer de l&rsquo;estomac<\/a><\/li>\n<li class=\"menu-item menu-item-type-post_type menu-item-object-page menu-item-29066\"><a href=\"https:\/\/drburakkavlakoglu.com\/fr\/cancer-du-pancreas\/\" class=\"elementor-item\" tabindex=\"-1\">Cancer du pancr\u00e9as<\/a><\/li>\n<\/ul>\t\t\t<\/nav>\n\t\t\t\t\t\t<\/div>\n\t\t\t\t<\/div>\n\t\t<div class=\"elementor-element elementor-element-f02a0bd e-flex e-con-boxed e-con e-parent\" data-id=\"f02a0bd\" data-element_type=\"container\" data-e-type=\"container\" data-settings=\"{&quot;background_background&quot;:&quot;classic&quot;}\">\n\t\t\t\t\t<div class=\"e-con-inner\">\n\t\t\t\t<div class=\"elementor-element elementor-element-85e5842 elementor-widget elementor-widget-heading\" data-id=\"85e5842\" data-element_type=\"widget\" data-e-type=\"widget\" data-widget_type=\"heading.default\">\n\t\t\t\t<div class=\"elementor-widget-container\">\n\t\t\t\t\t<h2 class=\"elementor-heading-title elementor-size-default\">Demandez au docteur<\/h2>\t\t\t\t<\/div>\n\t\t\t\t<\/div>\n\t\t\t\t<div class=\"elementor-element elementor-element-e4a63f2 elementor-button-align-stretch elementor-widget elementor-widget-form\" data-id=\"e4a63f2\" data-element_type=\"widget\" data-e-type=\"widget\" data-settings=\"{&quot;step_next_label&quot;:&quot;Next&quot;,&quot;step_previous_label&quot;:&quot;Previous&quot;,&quot;button_width&quot;:&quot;100&quot;,&quot;step_type&quot;:&quot;number_text&quot;,&quot;step_icon_shape&quot;:&quot;circle&quot;}\" data-widget_type=\"form.default\">\n\t\t\t\t<div class=\"elementor-widget-container\">\n\t\t\t\t\t\t\t<form class=\"elementor-form\" method=\"post\" name=\"New Form\">\n\t\t\t<input type=\"hidden\" name=\"post_id\" value=\"28439\"\/>\n\t\t\t<input type=\"hidden\" name=\"form_id\" value=\"e4a63f2\"\/>\n\t\t\t<input type=\"hidden\" name=\"referer_title\" value=\"\" \/>\n\n\t\t\t\n\t\t\t<div class=\"elementor-form-fields-wrapper elementor-labels-above\">\n\t\t\t\t\t\t\t\t<div class=\"elementor-field-type-text elementor-field-group elementor-column elementor-field-group-name elementor-col-100\">\n\t\t\t\t\t\t\t\t\t\t\t\t\t<input size=\"1\" type=\"text\" name=\"form_fields[name]\" id=\"form-field-name\" class=\"elementor-field elementor-size-sm  elementor-field-textual\" placeholder=\"Pr\u00e9nom \/ nom de famille\">\n\t\t\t\t\t\t\t\t\t\t\t<\/div>\n\t\t\t\t\t\t\t\t<div class=\"elementor-field-type-text elementor-field-group elementor-column elementor-field-group-email elementor-col-30 elementor-field-required\">\n\t\t\t\t\t\t\t\t\t\t\t\t\t<input size=\"1\" type=\"text\" name=\"form_fields[email]\" id=\"form-field-email\" class=\"elementor-field elementor-size-sm  elementor-field-textual\" placeholder=\"+90\" required=\"required\" aria-required=\"true\">\n\t\t\t\t\t\t\t\t\t\t\t<\/div>\n\t\t\t\t\t\t\t\t<div class=\"elementor-field-type-tel elementor-field-group elementor-column elementor-field-group-field_4c052dc elementor-col-70 elementor-field-required\">\n\t\t\t\t\t\t\t<input size=\"1\" type=\"tel\" name=\"form_fields[field_4c052dc]\" id=\"form-field-field_4c052dc\" class=\"elementor-field elementor-size-sm  elementor-field-textual\" placeholder=\"T\u00e9l\u00e9phone *\" required=\"required\" aria-required=\"true\" pattern=\"[0-9()#&amp;+*-=.]+\" title=\"Only numbers and phone characters (#, -, *, etc) are accepted.\">\n\n\t\t\t\t\t\t<\/div>\n\t\t\t\t\t\t\t\t<div class=\"elementor-field-type-textarea elementor-field-group elementor-column elementor-field-group-message elementor-col-100\">\n\t\t\t\t\t<textarea class=\"elementor-field-textual elementor-field  elementor-size-sm\" name=\"form_fields[message]\" id=\"form-field-message\" rows=\"4\" placeholder=\"Votre message *\"><\/textarea>\t\t\t\t<\/div>\n\t\t\t\t\t\t\t\t<div class=\"elementor-field-group elementor-column elementor-field-type-submit elementor-col-100 e-form__buttons\">\n\t\t\t\t\t<button class=\"elementor-button elementor-size-sm\" type=\"submit\">\n\t\t\t\t\t\t<span class=\"elementor-button-content-wrapper\">\n\t\t\t\t\t\t\t\t\t\t\t\t\t\t\t\t\t\t\t\t\t\t<span class=\"elementor-button-text\">Envoyer<\/span>\n\t\t\t\t\t\t\t\t\t\t\t\t\t<\/span>\n\t\t\t\t\t<\/button>\n\t\t\t\t<\/div>\n\t\t\t<\/div>\n\t\t<\/form>\n\t\t\t\t\t\t<\/div>\n\t\t\t\t<\/div>\n\t\t\t\t\t<\/div>\n\t\t\t\t<\/div>\n\t\t\t\t\t<\/div>\n\t\t<\/div>\n\t\t\t\t<div class=\"elementor-column elementor-col-50 elementor-top-column elementor-element elementor-element-01be24c\" data-id=\"01be24c\" data-element_type=\"column\" data-e-type=\"column\">\n\t\t\t<div class=\"elementor-widget-wrap elementor-element-populated\">\n\t\t\t\t\t\t<div class=\"elementor-element elementor-element-5764536 elementor-widget elementor-widget-heading\" data-id=\"5764536\" data-element_type=\"widget\" data-e-type=\"widget\" data-widget_type=\"heading.default\">\n\t\t\t\t<div class=\"elementor-widget-container\">\n\t\t\t\t\t<h2 class=\"elementor-heading-title elementor-size-default\">Cancer de l'estomac<\/h2>\t\t\t\t<\/div>\n\t\t\t\t<\/div>\n\t\t\t\t<div class=\"elementor-element elementor-element-1c88b49 elementor-widget elementor-widget-text-editor\" data-id=\"1c88b49\" data-element_type=\"widget\" data-e-type=\"widget\" data-widget_type=\"text-editor.default\">\n\t\t\t\t<div class=\"elementor-widget-container\">\n\t\t\t\t\t\t\t\t\t<p>Le cancer de l&rsquo;estomac est une maladie qui survient sous l&rsquo;influence de facteurs \u00e0 la fois g\u00e9n\u00e9tiques et environnementaux et qui est tr\u00e8s courante dans la soci\u00e9t\u00e9. S\u2019il n\u2019y a pas d\u2019obstruction au niveau de la sortie de l\u2019estomac, les sympt\u00f4mes seront d\u00e9tect\u00e9s tr\u00e8s tard et le traitement sera donc retard\u00e9. Le retard dans le traitement affecte consid\u00e9rablement la dur\u00e9e de survie dans le cancer de l\u2019estomac, comme dans tous les cancers. Un diagnostic pr\u00e9coce est donc tr\u00e8s important pour prolonger la survie. \u00c0 cette fin, il est tr\u00e8s important de subir une endoscopie de d\u00e9pistage \u00e0 partir de 50 ans, l\u00e0 o\u00f9 le cancer de l&rsquo;estomac est plus fr\u00e9quent. Bien entendu, cette endoscopie de d\u00e9pistage doit \u00eatre r\u00e9alis\u00e9e apr\u00e8s 30 ans chez les personnes ayant des ant\u00e9c\u00e9dents g\u00e9n\u00e9tiques familiaux de cancer de l\u2019estomac. Dans les pays o\u00f9 le cancer de l\u2019estomac est end\u00e9mique, l\u2019endoscopie de d\u00e9pistage est appliqu\u00e9e \u00e0 l\u2019ensemble de la population. Par exemple, au Japon, le cancer de l&rsquo;estomac est d\u00e9tect\u00e9 \u00e0 un stade tr\u00e8s pr\u00e9coce, lorsqu&rsquo;il se situe dans la couche la plus superficielle de l&rsquo;\u00e9pith\u00e9lium tapissant l&rsquo;estomac, c&rsquo;est-\u00e0-dire avant qu&rsquo;il ne m\u00e9tastase vers des organes voisins ou distants, et gr\u00e2ce \u00e0 des traitements chirurgicaux effectu\u00e9s pendant Durant cette p\u00e9riode, des vies sont sauv\u00e9es et les d\u00e9c\u00e8s dus au cancer de l&rsquo;estomac sont r\u00e9duits \u00e0 un niveau tr\u00e8s bas. Comme dans tous les cancers des organes creux, la maladie du cancer de l\u2019estomac atteint \u00e0 un stade pr\u00e9coce la couche sup\u00e9rieure de l\u2019\u00e9pith\u00e9lium recouvrant la surface interne de l\u2019estomac. Durant cette p\u00e9riode, la maladie d\u00e9tect\u00e9e localement ne se propage pas aux organes distants. Le taux de r\u00e9ussite du traitement des patients atteints d&rsquo;un cancer de l&rsquo;estomac trait\u00e9s pendant cette p\u00e9riode est sup\u00e9rieur \u00e0 95 %. \u00c0 cet effet, en tant que chirurgien ayant travaill\u00e9 pendant des ann\u00e9es dans un h\u00f4pital de formation et de recherche en oncologie, mon conseil est de subir une endoscopie sans h\u00e9sitation. Si l&rsquo;endoscopie est h\u00e9sitante, il est essentiel de disposer au moins d&rsquo;une endoscopie virtuelle dans un tr\u00e8s bon centre. .           <\/p>\n<p>Les biopsies r\u00e9alis\u00e9es apr\u00e8s cette \u00e9tape sont envoy\u00e9es en pathologie. En fonction du r\u00e9sultat pathologique, si le r\u00e9sultat est un cancer, des tests d&rsquo;imagerie de stadification, appel\u00e9s PET-CT, sont effectu\u00e9s pour d\u00e9terminer si le patient s&rsquo;est propag\u00e9 \u00e0 des organes distants. Ensuite, tous les examens et le patient lui-m\u00eame sont \u00e9valu\u00e9s devant un conseil compos\u00e9 de m\u00e9decins de diverses sp\u00e9cialit\u00e9s li\u00e9es \u00e0 l&rsquo;oncologie, que nous appelons le conseil des tumeurs, et le traitement le plus appropri\u00e9 est d\u00e9cid\u00e9. En tant que chirurgien au service des patients en oncologie depuis de nombreuses ann\u00e9es, nous appliquons le traitement le plus pr\u00e9cis et le plus efficace. Le slogan classique mais proverbial qu\u2019il faut comprendre : un diagnostic pr\u00e9coce sauve des vies. Le cancer n\u2019est pas une blague, il ne faut pas perdre de temps avec les m\u00e9decines alternatives et il ne faut pas compter sur des traitements inconnus dans les pays sous-d\u00e9velopp\u00e9s d\u2019outre-oc\u00e9an. Je vous souhaite \u00e0 tous des jours en bonne sant\u00e9 sans cancer.      <\/p>\n\t\t\t\t\t\t\t\t<\/div>\n\t\t\t\t<\/div>\n\t\t\t\t\t<\/div>\n\t\t<\/div>\n\t\t\t\t\t<\/div>\n\t\t<\/div>\n\t\t\t\t<\/div>\n\t\t","protected":false},"excerpt":{"rendered":"<p>Home Cancer de l&rsquo;estomac Le cancer de l&rsquo;estomac est une maladie qui survient sous l&rsquo;influence de facteurs \u00e0 la fois g\u00e9n\u00e9tiques et environnementaux et qui est tr\u00e8s courante dans la soci\u00e9t\u00e9. Nos soins Demandez au docteur Cancer de l&rsquo;estomac Le cancer de l&rsquo;estomac est une maladie qui survient sous l&rsquo;influence de facteurs \u00e0 la fois [&hellip;]<\/p>\n","protected":false},"author":1,"featured_media":0,"parent":0,"menu_order":0,"comment_status":"closed","ping_status":"closed","template":"elementor_header_footer","meta":{"footnotes":""},"class_list":["post-28439","page","type-page","status-publish","hentry"],"_links":{"self":[{"href":"https:\/\/drburakkavlakoglu.com\/fr\/wp-json\/wp\/v2\/pages\/28439","targetHints":{"allow":["GET"]}}],"collection":[{"href":"https:\/\/drburakkavlakoglu.com\/fr\/wp-json\/wp\/v2\/pages"}],"about":[{"href":"https:\/\/drburakkavlakoglu.com\/fr\/wp-json\/wp\/v2\/types\/page"}],"author":[{"embeddable":true,"href":"https:\/\/drburakkavlakoglu.com\/fr\/wp-json\/wp\/v2\/users\/1"}],"replies":[{"embeddable":true,"href":"https:\/\/drburakkavlakoglu.com\/fr\/wp-json\/wp\/v2\/comments?post=28439"}],"version-history":[{"count":0,"href":"https:\/\/drburakkavlakoglu.com\/fr\/wp-json\/wp\/v2\/pages\/28439\/revisions"}],"wp:attachment":[{"href":"https:\/\/drburakkavlakoglu.com\/fr\/wp-json\/wp\/v2\/media?parent=28439"}],"curies":[{"name":"wp","href":"https:\/\/api.w.org\/{rel}","templated":true}]}}