{"id":28533,"date":"2024-07-10T15:14:33","date_gmt":"2024-07-10T15:14:33","guid":{"rendered":"https:\/\/drburakkavlakoglu.com\/?page_id=28533"},"modified":"2024-08-08T22:48:25","modified_gmt":"2024-08-08T22:48:25","slug":"politique-de-confidentialite","status":"publish","type":"page","link":"https:\/\/drburakkavlakoglu.com\/fr\/politique-de-confidentialite\/","title":{"rendered":"politique de confidentialit\u00e9"},"content":{"rendered":"\t\t<div data-elementor-type=\"wp-page\" data-elementor-id=\"28533\" class=\"elementor elementor-28533\" data-elementor-post-type=\"page\">\n\t\t\t\t\t\t<div class=\"elementor-section elementor-top-section elementor-element elementor-element-d5a8df0 elementor-section-stretched elementor-section-height-min-height elementor-section-items-top elementor-section-boxed elementor-section-height-default\" data-id=\"d5a8df0\" data-element_type=\"section\" data-e-type=\"section\" data-settings=\"{&quot;stretch_section&quot;:&quot;section-stretched&quot;}\">\n\t\t\t\t\t\t<div class=\"elementor-container elementor-column-gap-no\">\n\t\t\t\t\t<div class=\"elementor-column elementor-col-50 elementor-top-column elementor-element elementor-element-53ce11c\" data-id=\"53ce11c\" data-element_type=\"column\" data-e-type=\"column\">\n\t\t\t<div class=\"elementor-widget-wrap elementor-element-populated\">\n\t\t\t\t\t\t<div class=\"elementor-element elementor-element-e03b5ec elementor-nav-menu--dropdown-tablet elementor-nav-menu__text-align-aside elementor-nav-menu--toggle elementor-nav-menu--burger elementor-widget elementor-widget-nav-menu\" data-id=\"e03b5ec\" data-element_type=\"widget\" data-e-type=\"widget\" data-settings=\"{&quot;layout&quot;:&quot;vertical&quot;,&quot;submenu_icon&quot;:{&quot;value&quot;:&quot;&lt;svg class=\\&quot;e-font-icon-svg e-fas-caret-down\\&quot; viewBox=\\&quot;0 0 320 512\\&quot; xmlns=\\&quot;http:\\\/\\\/www.w3.org\\\/2000\\\/svg\\&quot;&gt;&lt;path d=\\&quot;M31.3 192h257.3c17.8 0 26.7 21.5 14.1 34.1L174.1 354.8c-7.8 7.8-20.5 7.8-28.3 0L17.2 226.1C4.6 213.5 13.5 192 31.3 192z\\&quot;&gt;&lt;\\\/path&gt;&lt;\\\/svg&gt;&quot;,&quot;library&quot;:&quot;fa-solid&quot;},&quot;toggle&quot;:&quot;burger&quot;}\" data-widget_type=\"nav-menu.default\">\n\t\t\t\t<div class=\"elementor-widget-container\">\n\t\t\t\t\t\t\t\t<nav class=\"elementor-nav-menu--main elementor-nav-menu__container elementor-nav-menu--layout-vertical e--pointer-underline e--animation-fade\">\n\t\t\t\t<ul id=\"menu-1-e03b5ec\" class=\"elementor-nav-menu sm-vertical\"><li class=\"menu-item menu-item-type-post_type menu-item-object-page menu-item-28960\"><a href=\"https:\/\/drburakkavlakoglu.com\/fr\/biographie\/\" class=\"elementor-item\">Biographie<\/a><\/li>\n<li class=\"menu-item menu-item-type-post_type menu-item-object-page menu-item-28961\"><a href=\"https:\/\/drburakkavlakoglu.com\/fr\/notre-politique-qualite\/\" class=\"elementor-item\">Notre Politique Qualit\u00e9<\/a><\/li>\n<li class=\"menu-item menu-item-type-post_type menu-item-object-page menu-item-28962\"><a href=\"https:\/\/drburakkavlakoglu.com\/fr\/questions-frequemment-posees\/\" class=\"elementor-item\">Questions fr\u00e9quemment pos\u00e9es<\/a><\/li>\n<li class=\"menu-item menu-item-type-post_type menu-item-object-page menu-item-28978\"><a href=\"https:\/\/drburakkavlakoglu.com\/fr\/nos-certificats\/\" class=\"elementor-item\">Nos certificats<\/a><\/li>\n<li class=\"menu-item menu-item-type-post_type menu-item-object-page menu-item-28979\"><a href=\"https:\/\/drburakkavlakoglu.com\/fr\/politique-de-confidentialite\/\" class=\"elementor-item\">politique de confidentialit\u00e9<\/a><\/li>\n<li class=\"menu-item menu-item-type-post_type menu-item-object-page menu-item-28980\"><a href=\"https:\/\/drburakkavlakoglu.com\/fr\/formulaire-de-consultation\/\" class=\"elementor-item\">Formulaire de consultation<\/a><\/li>\n<li class=\"menu-item menu-item-type-post_type menu-item-object-page menu-item-28981\"><a href=\"https:\/\/drburakkavlakoglu.com\/fr\/des-articles\/\" class=\"elementor-item\">Des articles<\/a><\/li>\n<li class=\"menu-item menu-item-type-post_type menu-item-object-page menu-item-28982\"><a href=\"https:\/\/drburakkavlakoglu.com\/fr\/videos-de-patients\/\" class=\"elementor-item\">Vid\u00e9os de patients<\/a><\/li>\n<\/ul>\t\t\t<\/nav>\n\t\t\t\t\t<div class=\"elementor-menu-toggle\" role=\"button\" tabindex=\"0\" aria-label=\"Menu Toggle\" aria-expanded=\"false\">\n\t\t\t<svg aria-hidden=\"true\" role=\"presentation\" class=\"elementor-menu-toggle__icon--open e-font-icon-svg e-eicon-menu-bar\" viewBox=\"0 0 1000 1000\" xmlns=\"http:\/\/www.w3.org\/2000\/svg\"><path d=\"M104 333H896C929 333 958 304 958 271S929 208 896 208H104C71 208 42 237 42 271S71 333 104 333ZM104 583H896C929 583 958 554 958 521S929 458 896 458H104C71 458 42 487 42 521S71 583 104 583ZM104 833H896C929 833 958 804 958 771S929 708 896 708H104C71 708 42 737 42 771S71 833 104 833Z\"><\/path><\/svg><svg aria-hidden=\"true\" role=\"presentation\" class=\"elementor-menu-toggle__icon--close e-font-icon-svg e-eicon-close\" viewBox=\"0 0 1000 1000\" xmlns=\"http:\/\/www.w3.org\/2000\/svg\"><path d=\"M742 167L500 408 258 167C246 154 233 150 217 150 196 150 179 158 167 167 154 179 150 196 150 212 150 229 154 242 171 254L408 500 167 742C138 771 138 800 167 829 196 858 225 858 254 829L496 587 738 829C750 842 767 846 783 846 800 846 817 842 829 829 842 817 846 804 846 783 846 767 842 750 829 737L588 500 833 258C863 229 863 200 833 171 804 137 775 137 742 167Z\"><\/path><\/svg>\t\t\t<span class=\"elementor-screen-only\">Menu<\/span>\n\t\t<\/div>\n\t\t\t\t\t<nav class=\"elementor-nav-menu--dropdown elementor-nav-menu__container\" aria-hidden=\"true\">\n\t\t\t\t<ul id=\"menu-2-e03b5ec\" class=\"elementor-nav-menu sm-vertical\"><li class=\"menu-item menu-item-type-post_type menu-item-object-page menu-item-28960\"><a href=\"https:\/\/drburakkavlakoglu.com\/fr\/biographie\/\" class=\"elementor-item\" tabindex=\"-1\">Biographie<\/a><\/li>\n<li class=\"menu-item menu-item-type-post_type menu-item-object-page menu-item-28961\"><a href=\"https:\/\/drburakkavlakoglu.com\/fr\/notre-politique-qualite\/\" class=\"elementor-item\" tabindex=\"-1\">Notre Politique Qualit\u00e9<\/a><\/li>\n<li class=\"menu-item menu-item-type-post_type menu-item-object-page menu-item-28962\"><a href=\"https:\/\/drburakkavlakoglu.com\/fr\/questions-frequemment-posees\/\" class=\"elementor-item\" tabindex=\"-1\">Questions fr\u00e9quemment pos\u00e9es<\/a><\/li>\n<li class=\"menu-item menu-item-type-post_type menu-item-object-page menu-item-28978\"><a href=\"https:\/\/drburakkavlakoglu.com\/fr\/nos-certificats\/\" class=\"elementor-item\" tabindex=\"-1\">Nos certificats<\/a><\/li>\n<li class=\"menu-item menu-item-type-post_type menu-item-object-page menu-item-28979\"><a href=\"https:\/\/drburakkavlakoglu.com\/fr\/politique-de-confidentialite\/\" class=\"elementor-item\" tabindex=\"-1\">politique de confidentialit\u00e9<\/a><\/li>\n<li class=\"menu-item menu-item-type-post_type menu-item-object-page menu-item-28980\"><a href=\"https:\/\/drburakkavlakoglu.com\/fr\/formulaire-de-consultation\/\" class=\"elementor-item\" tabindex=\"-1\">Formulaire de consultation<\/a><\/li>\n<li class=\"menu-item menu-item-type-post_type menu-item-object-page menu-item-28981\"><a href=\"https:\/\/drburakkavlakoglu.com\/fr\/des-articles\/\" class=\"elementor-item\" tabindex=\"-1\">Des articles<\/a><\/li>\n<li class=\"menu-item menu-item-type-post_type menu-item-object-page menu-item-28982\"><a href=\"https:\/\/drburakkavlakoglu.com\/fr\/videos-de-patients\/\" class=\"elementor-item\" tabindex=\"-1\">Vid\u00e9os de patients<\/a><\/li>\n<\/ul>\t\t\t<\/nav>\n\t\t\t\t\t\t<\/div>\n\t\t\t\t<\/div>\n\t\t\t\t\t<\/div>\n\t\t<\/div>\n\t\t\t\t<div class=\"elementor-column elementor-col-50 elementor-top-column elementor-element elementor-element-86ef76b\" data-id=\"86ef76b\" data-element_type=\"column\" data-e-type=\"column\">\n\t\t\t<div class=\"elementor-widget-wrap elementor-element-populated\">\n\t\t\t\t\t\t<div class=\"elementor-element elementor-element-640d945 elementor-widget elementor-widget-heading\" data-id=\"640d945\" data-element_type=\"widget\" data-e-type=\"widget\" data-widget_type=\"heading.default\">\n\t\t\t\t<div class=\"elementor-widget-container\">\n\t\t\t\t\t<h2 class=\"elementor-heading-title elementor-size-default\">politique de confidentialit\u00e9<\/h2>\t\t\t\t<\/div>\n\t\t\t\t<\/div>\n\t\t\t\t<div class=\"elementor-element elementor-element-b6b51a0 elementor-widget elementor-widget-text-editor\" data-id=\"b6b51a0\" data-element_type=\"widget\" data-e-type=\"widget\" data-widget_type=\"text-editor.default\">\n\t\t\t\t<div class=\"elementor-widget-container\">\n\t\t\t\t\t\t\t\t\t<p>Votre s\u00e9curit\u00e9 est importante pour nous. Pour cette raison, les donn\u00e9es personnelles que vous partagez avec nous sont prot\u00e9g\u00e9es de mani\u00e8re sensible.<\/p><p>Burak Kavlako\u011flu, en tant que responsable du traitement des donn\u00e9es, avec cette politique de confidentialit\u00e9 et de protection des donn\u00e9es personnelles, lesquelles de vos donn\u00e9es personnelles seront trait\u00e9es dans quel but, avec qui et pourquoi les donn\u00e9es trait\u00e9es peuvent \u00eatre partag\u00e9es, notre m\u00e9thode de traitement des donn\u00e9es et les raisons juridiques\u00a0; Notre objectif est de vous \u00e9clairer sur vos droits concernant vos donn\u00e9es trait\u00e9es.<\/p><p>Vos donn\u00e9es personnelles collect\u00e9es, m\u00e9thode de collecte et raison juridique<br \/>Votre adresse IP et les informations de votre agent utilisateur sont utilis\u00e9es uniquement \u00e0 des fins d&rsquo;analyse et de cookies, etc. Les donn\u00e9es seront trait\u00e9es sur la base d&rsquo;un int\u00e9r\u00eat l\u00e9gitime dans le cadre et la dur\u00e9e du service et de la relation contractuelle entre nous en obtenant, enregistrant, stockant et mettant \u00e0 jour via des technologies, des m\u00e9thodes automatiques ou non automatiques et parfois aupr\u00e8s de tiers tels que des fournisseurs d&rsquo;analyses, des publicit\u00e9s. r\u00e9seaux, fournisseurs d&rsquo;informations de recherche, fournisseurs de technologies.<\/p><p>Finalit\u00e9 du traitement de vos donn\u00e9es personnelles<br \/>Vos donn\u00e9es personnelles que vous partagez avec nous ne sont disponibles que par analyse\u00a0; R\u00e9pondre au mieux aux exigences des services que nous proposons, garantir que vous puissiez acc\u00e9der et b\u00e9n\u00e9ficier de ces services au niveau maximum, d\u00e9velopper nos services en fonction de vos besoins et vous rapprocher d&rsquo;une offre plus compl\u00e8te. prestataires de services dans les cadres l\u00e9gaux et pour respecter les obligations l\u00e9gales (les donn\u00e9es personnelles peuvent \u00eatre partag\u00e9es sur demande avec les autorit\u00e9s judiciaires et administratives, elles seront trait\u00e9es et mises \u00e0 jour conform\u00e9ment \u00e0 leur finalit\u00e9 et de mani\u00e8re mesur\u00e9e pendant toute la dur\u00e9e du contrat et de la prestation, afin). pour remplir le<\/p><p>\u00c0 qui et \u00e0 quelles fins les donn\u00e9es personnelles collect\u00e9es peuvent \u00eatre transf\u00e9r\u00e9es<br \/>Vos donn\u00e9es personnelles que vous partagez avec nous\u00a0; Elles peuvent \u00eatre transf\u00e9r\u00e9es \u00e0 des tiers, institutions et organisations nationaux et \u00e9trangers aupr\u00e8s desquels nous recevons et\/ou fournissons des services pour exercer nos activit\u00e9s, avec lesquels nous entretenons des relations contractuelles et coop\u00e9rons, ainsi qu&rsquo;aux autorit\u00e9s judiciaires et administratives sur demande, \u00e0 condition que le les mesures techniques et administratives n\u00e9cessaires sont prises.<\/p><p>Vos droits en tant que personne dont les donn\u00e9es personnelles sont trait\u00e9es<br \/>Conform\u00e9ment \u00e0 l&rsquo;article 11 du KVKK, toute personne peut exercer les droits suivants en s&rsquo;adressant au responsable du traitement :<\/p><p>Savoir si les donn\u00e9es personnelles sont trait\u00e9es ou non,<br \/>Demander des informations si des donn\u00e9es personnelles ont \u00e9t\u00e9 trait\u00e9es,<br \/>Conna\u00eetre la finalit\u00e9 du traitement des donn\u00e9es personnelles et si elles sont utilis\u00e9es aux fins pr\u00e9vues,<br \/>Conna\u00eetre les tiers auxquels les donn\u00e9es personnelles sont transf\u00e9r\u00e9es en Suisse ou \u00e0 l&rsquo;\u00e9tranger,<br \/>Demander la rectification des donn\u00e9es personnelles si elles sont incompl\u00e8tes ou mal trait\u00e9es,<br \/>Demander la suppression ou la destruction de donn\u00e9es personnelles,<br \/>Demander que les transactions effectu\u00e9es conform\u00e9ment aux paragraphes (e) et (f) soient notifi\u00e9es aux tiers auxquels les donn\u00e9es personnelles sont transf\u00e9r\u00e9es,<br \/>S&rsquo;opposant \u00e0 l&rsquo;apparition d&rsquo;un r\u00e9sultat d\u00e9favorable \u00e0 l&rsquo;individu en analysant les donn\u00e9es trait\u00e9es exclusivement au moyen de syst\u00e8mes automatiques,<br \/>En cas de dommage d\u00fb \u00e0 un traitement illicite de donn\u00e9es personnelles, ils ont le droit d&rsquo;exiger une r\u00e9paration du dommage.<br \/>Vous pouvez nous contacter via info@drburakkavlakoglu.com pour exercer vos droits \u00e9num\u00e9r\u00e9s ci-dessus.<\/p><p>Communication<br \/>Vous \u00eates enti\u00e8rement libre d&rsquo;accepter ou de refuser le traitement de vos seules donn\u00e9es personnelles n\u00e9cessaires conform\u00e9ment \u00e0 la pr\u00e9sente politique de confidentialit\u00e9 et de traitement des donn\u00e9es personnelles, afin d&rsquo;effectuer des analyses dans le but de vous fournir un service. Si vous continuez \u00e0 utiliser le site, nous supposerons que vous l&rsquo;avez accept\u00e9. Pour des informations plus d\u00e9taill\u00e9es, n&rsquo;h\u00e9sitez pas \u00e0 nous contacter via l&rsquo;adresse e-mail info@drburakkavlakoglu.com.<\/p>\t\t\t\t\t\t\t\t<\/div>\n\t\t\t\t<\/div>\n\t\t\t\t\t<\/div>\n\t\t<\/div>\n\t\t\t\t\t<\/div>\n\t\t<\/div>\n\t\t\t\t<\/div>\n\t\t","protected":false},"excerpt":{"rendered":"<p>politique de confidentialit\u00e9 Votre s\u00e9curit\u00e9 est importante pour nous. Pour cette raison, les donn\u00e9es personnelles que vous partagez avec nous sont prot\u00e9g\u00e9es de mani\u00e8re sensible. Burak Kavlako\u011flu, en tant que responsable du traitement des donn\u00e9es, avec cette politique de confidentialit\u00e9 et de protection des donn\u00e9es personnelles, lesquelles de vos donn\u00e9es personnelles seront trait\u00e9es dans quel [&hellip;]<\/p>\n","protected":false},"author":1,"featured_media":0,"parent":0,"menu_order":0,"comment_status":"closed","ping_status":"open","template":"elementor_header_footer","meta":{"footnotes":""},"class_list":["post-28533","page","type-page","status-publish","hentry"],"_links":{"self":[{"href":"https:\/\/drburakkavlakoglu.com\/fr\/wp-json\/wp\/v2\/pages\/28533","targetHints":{"allow":["GET"]}}],"collection":[{"href":"https:\/\/drburakkavlakoglu.com\/fr\/wp-json\/wp\/v2\/pages"}],"about":[{"href":"https:\/\/drburakkavlakoglu.com\/fr\/wp-json\/wp\/v2\/types\/page"}],"author":[{"embeddable":true,"href":"https:\/\/drburakkavlakoglu.com\/fr\/wp-json\/wp\/v2\/users\/1"}],"replies":[{"embeddable":true,"href":"https:\/\/drburakkavlakoglu.com\/fr\/wp-json\/wp\/v2\/comments?post=28533"}],"version-history":[{"count":0,"href":"https:\/\/drburakkavlakoglu.com\/fr\/wp-json\/wp\/v2\/pages\/28533\/revisions"}],"wp:attachment":[{"href":"https:\/\/drburakkavlakoglu.com\/fr\/wp-json\/wp\/v2\/media?parent=28533"}],"curies":[{"name":"wp","href":"https:\/\/api.w.org\/{rel}","templated":true}]}}