{"id":28652,"date":"2024-07-14T23:44:13","date_gmt":"2024-07-14T23:44:13","guid":{"rendered":"https:\/\/drburakkavlakoglu.com\/?page_id=28652"},"modified":"2024-08-09T07:53:49","modified_gmt":"2024-08-09T07:53:49","slug":"notre-politique-qualite","status":"publish","type":"page","link":"https:\/\/drburakkavlakoglu.com\/fr\/notre-politique-qualite\/","title":{"rendered":"Notre Politique Qualit\u00e9"},"content":{"rendered":"\t\t<div data-elementor-type=\"wp-page\" data-elementor-id=\"28652\" class=\"elementor elementor-28652\" data-elementor-post-type=\"page\">\n\t\t\t\t\t\t<div class=\"elementor-section elementor-top-section elementor-element elementor-element-2d2e1d2 elementor-section-stretched elementor-section-height-min-height elementor-section-items-top elementor-section-boxed elementor-section-height-default\" data-id=\"2d2e1d2\" data-element_type=\"section\" data-e-type=\"section\" data-settings=\"{&quot;stretch_section&quot;:&quot;section-stretched&quot;}\">\n\t\t\t\t\t\t<div class=\"elementor-container elementor-column-gap-no\">\n\t\t\t\t\t<div class=\"elementor-column elementor-col-50 elementor-top-column elementor-element elementor-element-86b2ca0\" data-id=\"86b2ca0\" data-element_type=\"column\" data-e-type=\"column\">\n\t\t\t<div class=\"elementor-widget-wrap elementor-element-populated\">\n\t\t\t\t\t\t<div class=\"elementor-element elementor-element-db5e80e elementor-nav-menu--dropdown-tablet elementor-nav-menu__text-align-aside elementor-nav-menu--toggle elementor-nav-menu--burger elementor-widget elementor-widget-nav-menu\" data-id=\"db5e80e\" data-element_type=\"widget\" data-e-type=\"widget\" data-settings=\"{&quot;layout&quot;:&quot;vertical&quot;,&quot;submenu_icon&quot;:{&quot;value&quot;:&quot;&lt;svg class=\\&quot;e-font-icon-svg e-fas-caret-down\\&quot; viewBox=\\&quot;0 0 320 512\\&quot; xmlns=\\&quot;http:\\\/\\\/www.w3.org\\\/2000\\\/svg\\&quot;&gt;&lt;path d=\\&quot;M31.3 192h257.3c17.8 0 26.7 21.5 14.1 34.1L174.1 354.8c-7.8 7.8-20.5 7.8-28.3 0L17.2 226.1C4.6 213.5 13.5 192 31.3 192z\\&quot;&gt;&lt;\\\/path&gt;&lt;\\\/svg&gt;&quot;,&quot;library&quot;:&quot;fa-solid&quot;},&quot;toggle&quot;:&quot;burger&quot;}\" data-widget_type=\"nav-menu.default\">\n\t\t\t\t<div class=\"elementor-widget-container\">\n\t\t\t\t\t\t\t\t<nav class=\"elementor-nav-menu--main elementor-nav-menu__container elementor-nav-menu--layout-vertical e--pointer-underline e--animation-fade\">\n\t\t\t\t<ul id=\"menu-1-db5e80e\" class=\"elementor-nav-menu sm-vertical\"><li class=\"menu-item menu-item-type-post_type menu-item-object-page menu-item-28960\"><a href=\"https:\/\/drburakkavlakoglu.com\/fr\/biographie\/\" class=\"elementor-item\">Biographie<\/a><\/li>\n<li class=\"menu-item menu-item-type-post_type menu-item-object-page menu-item-28961\"><a href=\"https:\/\/drburakkavlakoglu.com\/fr\/notre-politique-qualite\/\" class=\"elementor-item\">Notre Politique Qualit\u00e9<\/a><\/li>\n<li class=\"menu-item menu-item-type-post_type menu-item-object-page menu-item-28962\"><a href=\"https:\/\/drburakkavlakoglu.com\/fr\/questions-frequemment-posees\/\" class=\"elementor-item\">Questions fr\u00e9quemment pos\u00e9es<\/a><\/li>\n<li class=\"menu-item menu-item-type-post_type menu-item-object-page menu-item-28978\"><a href=\"https:\/\/drburakkavlakoglu.com\/fr\/nos-certificats\/\" class=\"elementor-item\">Nos certificats<\/a><\/li>\n<li class=\"menu-item menu-item-type-post_type menu-item-object-page menu-item-28979\"><a href=\"https:\/\/drburakkavlakoglu.com\/fr\/politique-de-confidentialite\/\" class=\"elementor-item\">politique de confidentialit\u00e9<\/a><\/li>\n<li class=\"menu-item menu-item-type-post_type menu-item-object-page menu-item-28980\"><a href=\"https:\/\/drburakkavlakoglu.com\/fr\/formulaire-de-consultation\/\" class=\"elementor-item\">Formulaire de consultation<\/a><\/li>\n<li class=\"menu-item menu-item-type-post_type menu-item-object-page menu-item-28981\"><a href=\"https:\/\/drburakkavlakoglu.com\/fr\/des-articles\/\" class=\"elementor-item\">Des articles<\/a><\/li>\n<li class=\"menu-item menu-item-type-post_type menu-item-object-page menu-item-28982\"><a href=\"https:\/\/drburakkavlakoglu.com\/fr\/videos-de-patients\/\" class=\"elementor-item\">Vid\u00e9os de patients<\/a><\/li>\n<\/ul>\t\t\t<\/nav>\n\t\t\t\t\t<div class=\"elementor-menu-toggle\" role=\"button\" tabindex=\"0\" aria-label=\"Menu Toggle\" aria-expanded=\"false\">\n\t\t\t<svg aria-hidden=\"true\" role=\"presentation\" class=\"elementor-menu-toggle__icon--open e-font-icon-svg e-eicon-menu-bar\" viewBox=\"0 0 1000 1000\" xmlns=\"http:\/\/www.w3.org\/2000\/svg\"><path d=\"M104 333H896C929 333 958 304 958 271S929 208 896 208H104C71 208 42 237 42 271S71 333 104 333ZM104 583H896C929 583 958 554 958 521S929 458 896 458H104C71 458 42 487 42 521S71 583 104 583ZM104 833H896C929 833 958 804 958 771S929 708 896 708H104C71 708 42 737 42 771S71 833 104 833Z\"><\/path><\/svg><svg aria-hidden=\"true\" role=\"presentation\" class=\"elementor-menu-toggle__icon--close e-font-icon-svg e-eicon-close\" viewBox=\"0 0 1000 1000\" xmlns=\"http:\/\/www.w3.org\/2000\/svg\"><path d=\"M742 167L500 408 258 167C246 154 233 150 217 150 196 150 179 158 167 167 154 179 150 196 150 212 150 229 154 242 171 254L408 500 167 742C138 771 138 800 167 829 196 858 225 858 254 829L496 587 738 829C750 842 767 846 783 846 800 846 817 842 829 829 842 817 846 804 846 783 846 767 842 750 829 737L588 500 833 258C863 229 863 200 833 171 804 137 775 137 742 167Z\"><\/path><\/svg>\t\t\t<span class=\"elementor-screen-only\">Menu<\/span>\n\t\t<\/div>\n\t\t\t\t\t<nav class=\"elementor-nav-menu--dropdown elementor-nav-menu__container\" aria-hidden=\"true\">\n\t\t\t\t<ul id=\"menu-2-db5e80e\" class=\"elementor-nav-menu sm-vertical\"><li class=\"menu-item menu-item-type-post_type menu-item-object-page menu-item-28960\"><a href=\"https:\/\/drburakkavlakoglu.com\/fr\/biographie\/\" class=\"elementor-item\" tabindex=\"-1\">Biographie<\/a><\/li>\n<li class=\"menu-item menu-item-type-post_type menu-item-object-page menu-item-28961\"><a href=\"https:\/\/drburakkavlakoglu.com\/fr\/notre-politique-qualite\/\" class=\"elementor-item\" tabindex=\"-1\">Notre Politique Qualit\u00e9<\/a><\/li>\n<li class=\"menu-item menu-item-type-post_type menu-item-object-page menu-item-28962\"><a href=\"https:\/\/drburakkavlakoglu.com\/fr\/questions-frequemment-posees\/\" class=\"elementor-item\" tabindex=\"-1\">Questions fr\u00e9quemment pos\u00e9es<\/a><\/li>\n<li class=\"menu-item menu-item-type-post_type menu-item-object-page menu-item-28978\"><a href=\"https:\/\/drburakkavlakoglu.com\/fr\/nos-certificats\/\" class=\"elementor-item\" tabindex=\"-1\">Nos certificats<\/a><\/li>\n<li class=\"menu-item menu-item-type-post_type menu-item-object-page menu-item-28979\"><a href=\"https:\/\/drburakkavlakoglu.com\/fr\/politique-de-confidentialite\/\" class=\"elementor-item\" tabindex=\"-1\">politique de confidentialit\u00e9<\/a><\/li>\n<li class=\"menu-item menu-item-type-post_type menu-item-object-page menu-item-28980\"><a href=\"https:\/\/drburakkavlakoglu.com\/fr\/formulaire-de-consultation\/\" class=\"elementor-item\" tabindex=\"-1\">Formulaire de consultation<\/a><\/li>\n<li class=\"menu-item menu-item-type-post_type menu-item-object-page menu-item-28981\"><a href=\"https:\/\/drburakkavlakoglu.com\/fr\/des-articles\/\" class=\"elementor-item\" tabindex=\"-1\">Des articles<\/a><\/li>\n<li class=\"menu-item menu-item-type-post_type menu-item-object-page menu-item-28982\"><a href=\"https:\/\/drburakkavlakoglu.com\/fr\/videos-de-patients\/\" class=\"elementor-item\" tabindex=\"-1\">Vid\u00e9os de patients<\/a><\/li>\n<\/ul>\t\t\t<\/nav>\n\t\t\t\t\t\t<\/div>\n\t\t\t\t<\/div>\n\t\t\t\t\t<\/div>\n\t\t<\/div>\n\t\t\t\t<div class=\"elementor-column elementor-col-50 elementor-top-column elementor-element elementor-element-1d789dc\" data-id=\"1d789dc\" data-element_type=\"column\" data-e-type=\"column\">\n\t\t\t<div class=\"elementor-widget-wrap elementor-element-populated\">\n\t\t\t\t\t\t<div class=\"elementor-element elementor-element-6da64d0 elementor-widget elementor-widget-text-editor\" data-id=\"6da64d0\" data-element_type=\"widget\" data-e-type=\"widget\" data-widget_type=\"text-editor.default\">\n\t\t\t\t<div class=\"elementor-widget-container\">\n\t\t\t\t\t\t\t\t\t<p>Notre mission : Fournir les plus hauts standards de services de sant\u00e9 dans le domaine de l\u2019ob\u00e9sit\u00e9 et de la chirurgie m\u00e9tabolique avec des approches orient\u00e9es patient, \u00e9thiques, scientifiques et innovantes. Notre objectif principal est de nous am\u00e9liorer et de nous renouveler constamment afin d\u2019augmenter la qualit\u00e9 de vie de nos patients et d\u2019am\u00e9liorer de fa\u00e7on permanente leur sant\u00e9.<\/p><p>Notre vision : \u00catre un \u00e9tablissement de sant\u00e9 leader et consid\u00e9r\u00e9 comme une r\u00e9f\u00e9rence aux niveaux national et international dans le domaine de l&rsquo;ob\u00e9sit\u00e9 et de la chirurgie m\u00e9tabolique. Notre vision est de gagner et de maintenir la confiance de nos patients et d\u2019am\u00e9liorer continuellement nos services de sant\u00e9 en suivant les derni\u00e8res technologies et d\u00e9veloppements scientifiques.<\/p><p>Notre Politique Qualit\u00e9 :<\/p><p>S\u00e9curit\u00e9 et satisfaction des patients\u00a0:<\/p><p>Mettre en \u0153uvre des pratiques conformes aux normes internationales dans tous nos processus chirurgicaux et m\u00e9dicaux pour assurer la s\u00e9curit\u00e9 de nos patients au plus haut niveau.<br \/>Mesurer en permanence la satisfaction de nos patients et am\u00e9liorer continuellement la qualit\u00e9 de nos services en tenant compte de leurs retours.<\/p><p>Formation et d\u00e9veloppement\u00a0:<\/p><p>Veiller \u00e0 ce que tous nos professionnels de la sant\u00e9 mettent \u00e0 jour leurs connaissances et leurs comp\u00e9tences gr\u00e2ce \u00e0 une formation continue.<br \/>Travailler avec une \u00e9quipe experte dans son domaine, exp\u00e9riment\u00e9e et engag\u00e9e envers des valeurs \u00e9thiques.<\/p><p>Approche scientifique et utilisation de la technologie\u00a0:<\/p><p>Suivre de pr\u00e8s les derni\u00e8res recherches scientifiques et d\u00e9veloppements technologiques dans le domaine de l\u2019ob\u00e9sit\u00e9 et de la chirurgie m\u00e9tabolique et les int\u00e9grer dans les pratiques.<br \/>Offrir les options de traitement les plus efficaces \u00e0 nos patients en utilisant des m\u00e9thodes m\u00e9dicales innovantes et fond\u00e9es sur des preuves.<\/p><p>Valeurs \u00e9thiques et transparence :<\/p><p>Prot\u00e9ger et respecter les droits de nos patients en adh\u00e9rant strictement aux r\u00e8gles \u00e9thiques.<br \/>Informer nos patients \u00e0 chaque \u00e9tape du processus de traitement et assurer une communication transparente.<\/p><p>Am\u00e9lioration continue\u00a0:<\/p><p>R\u00e9viser et am\u00e9liorer constamment nos processus et services conform\u00e9ment aux principes du syst\u00e8me de gestion de la qualit\u00e9.<br \/>Am\u00e9liorer continuellement la qualit\u00e9 de nos services gr\u00e2ce aux commentaires des patients, aux audits internes et aux \u00e9valuations des performances.<\/p><p>Responsabilit\u00e9 Environnementale et Sociale :<\/p><p>Fournir des services de sant\u00e9 respectueux de l\u2019environnement et durables.<br \/>Contribuer \u00e0 la soci\u00e9t\u00e9 avec des projets et des programmes de formation qui soutiennent la sant\u00e9 publique.<\/p><p>Nos valeurs :<\/p><p>Confiance<br \/>Transparence<br \/>Valeurs \u00e9thiques<br \/>innovation<br \/>Excellence<br \/>Orientation humaine<\/p><p>Cette politique qualit\u00e9 refl\u00e8te les principes et objectifs fondamentaux de notre \u00e9tablissement de sant\u00e9 \u0153uvrant dans le domaine de l\u2019ob\u00e9sit\u00e9 et de la chirurgie m\u00e9tabolique. Nous continuerons \u00e0 fournir le plus haut niveau de services de sant\u00e9 \u00e0 nos patients en am\u00e9liorant constamment notre compr\u00e9hension de la qualit\u00e9.<\/p>\t\t\t\t\t\t\t\t<\/div>\n\t\t\t\t<\/div>\n\t\t\t\t\t<\/div>\n\t\t<\/div>\n\t\t\t\t\t<\/div>\n\t\t<\/div>\n\t\t\t\t<\/div>\n\t\t","protected":false},"excerpt":{"rendered":"<p>Notre mission : Fournir les plus hauts standards de services de sant\u00e9 dans le domaine de l\u2019ob\u00e9sit\u00e9 et de la chirurgie m\u00e9tabolique avec des approches orient\u00e9es patient, \u00e9thiques, scientifiques et innovantes. Notre objectif principal est de nous am\u00e9liorer et de nous renouveler constamment afin d\u2019augmenter la qualit\u00e9 de vie de nos patients et d\u2019am\u00e9liorer de [&hellip;]<\/p>\n","protected":false},"author":1,"featured_media":0,"parent":0,"menu_order":0,"comment_status":"closed","ping_status":"closed","template":"elementor_header_footer","meta":{"footnotes":""},"class_list":["post-28652","page","type-page","status-publish","hentry"],"_links":{"self":[{"href":"https:\/\/drburakkavlakoglu.com\/fr\/wp-json\/wp\/v2\/pages\/28652","targetHints":{"allow":["GET"]}}],"collection":[{"href":"https:\/\/drburakkavlakoglu.com\/fr\/wp-json\/wp\/v2\/pages"}],"about":[{"href":"https:\/\/drburakkavlakoglu.com\/fr\/wp-json\/wp\/v2\/types\/page"}],"author":[{"embeddable":true,"href":"https:\/\/drburakkavlakoglu.com\/fr\/wp-json\/wp\/v2\/users\/1"}],"replies":[{"embeddable":true,"href":"https:\/\/drburakkavlakoglu.com\/fr\/wp-json\/wp\/v2\/comments?post=28652"}],"version-history":[{"count":0,"href":"https:\/\/drburakkavlakoglu.com\/fr\/wp-json\/wp\/v2\/pages\/28652\/revisions"}],"wp:attachment":[{"href":"https:\/\/drburakkavlakoglu.com\/fr\/wp-json\/wp\/v2\/media?parent=28652"}],"curies":[{"name":"wp","href":"https:\/\/api.w.org\/{rel}","templated":true}]}}