{"id":28460,"date":"2024-07-22T23:29:54","date_gmt":"2024-07-22T23:29:54","guid":{"rendered":"https:\/\/drburakkavlakoglu.com\/?page_id=28460"},"modified":"2024-11-01T07:28:44","modified_gmt":"2024-11-01T07:28:44","slug":"pankreas-kanseri","status":"publish","type":"page","link":"https:\/\/drburakkavlakoglu.com\/sq\/pankreas-kanseri\/","title":{"rendered":"Pankreas Kanseri"},"content":{"rendered":"\t\t<div data-elementor-type=\"wp-page\" data-elementor-id=\"28460\" class=\"elementor elementor-28460\" data-elementor-post-type=\"page\">\n\t\t\t\t<div class=\"elementor-element elementor-element-1f86073 e-flex e-con-boxed e-con e-parent\" data-id=\"1f86073\" data-element_type=\"container\" data-e-type=\"container\" data-settings=\"{&quot;background_background&quot;:&quot;classic&quot;}\">\n\t\t\t\t\t<div class=\"e-con-inner\">\n\t\t<div class=\"elementor-element elementor-element-201a66e e-con-full e-flex e-con e-child\" data-id=\"201a66e\" data-element_type=\"container\" data-e-type=\"container\">\n\t\t\t\t<div class=\"elementor-element elementor-element-83f4503 elementor-widget elementor-widget-heading\" data-id=\"83f4503\" data-element_type=\"widget\" data-e-type=\"widget\" data-widget_type=\"heading.default\">\n\t\t\t\t<div class=\"elementor-widget-container\">\n\t\t\t\t\t<h2 class=\"elementor-heading-title elementor-size-default\">Pankreas Kanseri<\/h2>\t\t\t\t<\/div>\n\t\t\t\t<\/div>\n\t\t\t\t<div class=\"elementor-element elementor-element-f552e59 elementor-widget elementor-widget-text-editor\" data-id=\"f552e59\" data-element_type=\"widget\" data-e-type=\"widget\" data-widget_type=\"text-editor.default\">\n\t\t\t\t<div class=\"elementor-widget-container\">\n\t\t\t\t\t\t\t\t\t<p>Mide kanseri hem genetik hem de \u00e7evresel fakt\u00f6rlerin etkisi ile ortaya \u00e7\u0131kan ve toplum aras\u0131nda olduk\u00e7a yayg\u0131n olan bir hastal\u0131kt\u0131r.<\/p>\t\t\t\t\t\t\t\t<\/div>\n\t\t\t\t<\/div>\n\t\t<div class=\"elementor-element elementor-element-9c2e31d e-con-full e-flex e-con e-child\" data-id=\"9c2e31d\" data-element_type=\"container\" data-e-type=\"container\">\n\t\t\t\t<div class=\"elementor-element elementor-element-0f3706c elementor-widget__width-initial elementor-widget elementor-widget-image\" data-id=\"0f3706c\" data-element_type=\"widget\" data-e-type=\"widget\" data-widget_type=\"image.default\">\n\t\t\t\t<div class=\"elementor-widget-container\">\n\t\t\t\t\t\t\t\t\t\t\t\t\t\t\t\t<a href=\"https:\/\/www.google.com\/search?sca_esv=ed219b31d6377477&#038;sca_upv=1&#038;sxsrf=ADLYWIL9H3WypNPm5qgGVH_NEBBNa0a-6A:1721685983658&#038;uds=ADvngMjcH0KdF7qGWtwTBrP0nt7dAAh-P1KL938xtHbIzGFidwj1wCL4QjUP6G0BmxXB8jfnX-GgafNXffYyVmQCW3OIUlOFqMkik6VRpwS8Pnj2RXPf0u5XGDp4XLT4r9ApDfxeE3pk8hRBqUIJQC0sE4S0aPwm7g&#038;si=ACC90nwjPmqJHrCEt6ewASzksVFQDX8zco_7MgBaIawvaF4-7nBcqUBteWWsKkrs66FOY__lDY_7Rf-CkvNwKPH4PIxrBIvw81cqAeWHc08LSL6jL-4aPBg%3D&#038;q=Prof.+Dr.+Burak+Kavlako%C4%9Flu+%7C+Genel+Cerrahi,+Obezite+Cerrahisi,+Metabolik+Cerrahi+Yorumlar&#038;sa=X&#038;ved=2ahUKEwjl2eGL1LuHAxWcUaQEHTCqCW8Q3PALegQISRAF&#038;biw=1680&#038;bih=826&#038;dpr=2\" target=\"_blank\">\n\t\t\t\t\t\t\t<img fetchpriority=\"high\" decoding=\"async\" width=\"430\" height=\"174\" src=\"https:\/\/drburakkavlakoglu.com\/wp-content\/uploads\/2024\/07\/google-review-badge-gmb.webp\" class=\"attachment-large size-large wp-image-26452\" alt=\"\" srcset=\"https:\/\/drburakkavlakoglu.com\/wp-content\/uploads\/2024\/07\/google-review-badge-gmb.webp 430w, https:\/\/drburakkavlakoglu.com\/wp-content\/uploads\/2024\/07\/google-review-badge-gmb-300x121.webp 300w\" sizes=\"(max-width: 430px) 100vw, 430px\" \/>\t\t\t\t\t\t\t\t<\/a>\n\t\t\t\t\t\t\t\t\t\t\t\t\t\t\t<\/div>\n\t\t\t\t<\/div>\n\t\t\t\t<div class=\"elementor-element elementor-element-e8d422f elementor-widget__width-initial elementor-widget elementor-widget-image\" data-id=\"e8d422f\" data-element_type=\"widget\" data-e-type=\"widget\" data-widget_type=\"image.default\">\n\t\t\t\t<div class=\"elementor-widget-container\">\n\t\t\t\t\t\t\t\t\t\t\t\t\t\t\t\t<a href=\"https:\/\/www.trustpilot.com\/review\/drburakkavlakoglu.com\" target=\"_blank\">\n\t\t\t\t\t\t\t<img decoding=\"async\" width=\"980\" height=\"551\" src=\"https:\/\/drburakkavlakoglu.com\/wp-content\/uploads\/2020\/10\/trustpilot.com_logo-2048x1152-1-1024x576.png\" class=\"attachment-large size-large wp-image-26576\" alt=\"\" srcset=\"https:\/\/drburakkavlakoglu.com\/wp-content\/uploads\/2020\/10\/trustpilot.com_logo-2048x1152-1-1024x576.png 1024w, https:\/\/drburakkavlakoglu.com\/wp-content\/uploads\/2020\/10\/trustpilot.com_logo-2048x1152-1-300x169.png 300w, https:\/\/drburakkavlakoglu.com\/wp-content\/uploads\/2020\/10\/trustpilot.com_logo-2048x1152-1-768x432.png 768w, https:\/\/drburakkavlakoglu.com\/wp-content\/uploads\/2020\/10\/trustpilot.com_logo-2048x1152-1-1536x864.png 1536w, https:\/\/drburakkavlakoglu.com\/wp-content\/uploads\/2020\/10\/trustpilot.com_logo-2048x1152-1-800x450.png 800w, https:\/\/drburakkavlakoglu.com\/wp-content\/uploads\/2020\/10\/trustpilot.com_logo-2048x1152-1.png 2048w\" sizes=\"(max-width: 980px) 100vw, 980px\" \/>\t\t\t\t\t\t\t\t<\/a>\n\t\t\t\t\t\t\t\t\t\t\t\t\t\t\t<\/div>\n\t\t\t\t<\/div>\n\t\t\t\t<\/div>\n\t\t\t\t<\/div>\n\t\t<div class=\"elementor-element elementor-element-182455f elementor-hidden-mobile e-flex e-con-boxed e-con e-child\" data-id=\"182455f\" data-element_type=\"container\" data-e-type=\"container\" data-settings=\"{&quot;background_background&quot;:&quot;classic&quot;}\">\n\t\t\t\t\t<div class=\"e-con-inner\">\n\t\t\t\t\t<\/div>\n\t\t\t\t<\/div>\n\t\t\t\t\t<\/div>\n\t\t\t\t<\/div>\n\t\t<div class=\"elementor-element elementor-element-a0c556b e-flex e-con-boxed e-con e-parent\" data-id=\"a0c556b\" data-element_type=\"container\" data-e-type=\"container\" data-settings=\"{&quot;background_background&quot;:&quot;classic&quot;}\">\n\t\t\t\t\t<div class=\"e-con-inner\">\n\t\t<div class=\"elementor-element elementor-element-fad4d37 e-con-full e-flex e-con e-child\" data-id=\"fad4d37\" data-element_type=\"container\" data-e-type=\"container\">\n\t\t<div class=\"elementor-element elementor-element-116b149 e-con-full e-flex e-con e-child\" data-id=\"116b149\" data-element_type=\"container\" data-e-type=\"container\">\n\t\t\t\t<\/div>\n\t\t\t\t<\/div>\n\t\t<div class=\"elementor-element elementor-element-23a8244 e-flex e-con-boxed e-con e-child\" data-id=\"23a8244\" data-element_type=\"container\" data-e-type=\"container\" data-settings=\"{&quot;background_background&quot;:&quot;classic&quot;}\">\n\t\t\t\t\t<div class=\"e-con-inner\">\n\t\t\t\t<div class=\"elementor-element elementor-element-8758980 elementor-button-align-stretch elementor-widget elementor-widget-form\" data-id=\"8758980\" data-element_type=\"widget\" data-e-type=\"widget\" data-settings=\"{&quot;step_next_label&quot;:&quot;Next&quot;,&quot;step_previous_label&quot;:&quot;Previous&quot;,&quot;button_width&quot;:&quot;100&quot;,&quot;step_type&quot;:&quot;number_text&quot;,&quot;step_icon_shape&quot;:&quot;circle&quot;}\" data-widget_type=\"form.default\">\n\t\t\t\t<div class=\"elementor-widget-container\">\n\t\t\t\t\t\t\t<form class=\"elementor-form\" method=\"post\" name=\"New Form\">\n\t\t\t<input type=\"hidden\" name=\"post_id\" value=\"28460\"\/>\n\t\t\t<input type=\"hidden\" name=\"form_id\" value=\"8758980\"\/>\n\t\t\t<input type=\"hidden\" name=\"referer_title\" value=\"\" \/>\n\n\t\t\t\n\t\t\t<div class=\"elementor-form-fields-wrapper elementor-labels-above\">\n\t\t\t\t\t\t\t\t<div class=\"elementor-field-type-text elementor-field-group elementor-column elementor-field-group-name elementor-col-100\">\n\t\t\t\t\t\t\t\t\t\t\t\t\t<input size=\"1\" type=\"text\" name=\"form_fields[name]\" id=\"form-field-name\" class=\"elementor-field elementor-size-sm  elementor-field-textual\" placeholder=\"Ad &amp; Soyad\">\n\t\t\t\t\t\t\t\t\t\t\t<\/div>\n\t\t\t\t\t\t\t\t<div class=\"elementor-field-type-tel elementor-field-group elementor-column elementor-field-group-email elementor-col-100 elementor-field-required\">\n\t\t\t\t\t<span class=\"ccfef-editor-intl-input\" data-id=\"form-field-email\" data-field-id=\"aa50e00\" data-default-country=\"us\" data-include-countries=\"\" data-exclude-countries=\"\" data-dial-code-visibility=\"show\" data-strict-mode=\"no\" style=\"display: none;\"><\/span>\t\t<input size=\"1\" type=\"tel\" name=\"form_fields[email]\" id=\"form-field-email\" class=\"elementor-field elementor-size-sm  elementor-field-textual\" placeholder=\"Telefon\" required=\"required\" aria-required=\"true\" pattern=\"[0-9()#&amp;+*-=.]+\" title=\"Only numbers and phone characters (#, -, *, etc) are accepted.\">\n\n\t\t\t\t\t\t<\/div>\n\t\t\t\t\t\t\t\t<div class=\"elementor-field-type-email elementor-field-group elementor-column elementor-field-group-field_922a852 elementor-col-100 elementor-field-required\">\n\t\t\t\t\t\t\t\t\t\t\t\t\t<input size=\"1\" type=\"email\" name=\"form_fields[field_922a852]\" id=\"form-field-field_922a852\" class=\"elementor-field elementor-size-sm  elementor-field-textual\" placeholder=\"E-Mail\" required=\"required\" aria-required=\"true\">\n\t\t\t\t\t\t\t\t\t\t\t<\/div>\n\t\t\t\t\t\t\t\t<div class=\"elementor-field-type-textarea elementor-field-group elementor-column elementor-field-group-message elementor-col-100\">\n\t\t\t\t\t<textarea class=\"elementor-field-textual elementor-field  elementor-size-sm\" name=\"form_fields[message]\" id=\"form-field-message\" rows=\"4\" placeholder=\"Mesaj\u0131n\u0131z\"><\/textarea>\t\t\t\t<\/div>\n\t\t\t\t\t\t\t\t<div class=\"elementor-field-group elementor-column elementor-field-type-submit elementor-col-100 e-form__buttons\">\n\t\t\t\t\t<button class=\"elementor-button elementor-size-sm\" type=\"submit\">\n\t\t\t\t\t\t<span class=\"elementor-button-content-wrapper\">\n\t\t\t\t\t\t\t\t\t\t\t\t\t\t\t\t\t\t\t\t\t\t<span class=\"elementor-button-text\">G\u00f6nder<\/span>\n\t\t\t\t\t\t\t\t\t\t\t\t\t<\/span>\n\t\t\t\t\t<\/button>\n\t\t\t\t<\/div>\n\t\t\t<\/div>\n\t\t<\/form>\n\t\t\t\t\t\t<\/div>\n\t\t\t\t<\/div>\n\t\t\t\t\t<\/div>\n\t\t\t\t<\/div>\n\t\t\t\t\t<\/div>\n\t\t\t\t<\/div>\n\t\t\t\t<div class=\"elementor-section elementor-top-section elementor-element elementor-element-0f44a3b elementor-section-stretched elementor-section-height-min-height elementor-section-items-top elementor-section-boxed elementor-section-height-default\" data-id=\"0f44a3b\" data-element_type=\"section\" data-e-type=\"section\" data-settings=\"{&quot;stretch_section&quot;:&quot;section-stretched&quot;}\">\n\t\t\t\t\t\t<div class=\"elementor-container elementor-column-gap-no\">\n\t\t\t\t\t<div class=\"elementor-column elementor-col-50 elementor-top-column elementor-element elementor-element-295f75f elementor-hidden-mobile\" data-id=\"295f75f\" data-element_type=\"column\" data-e-type=\"column\">\n\t\t\t<div class=\"elementor-widget-wrap elementor-element-populated\">\n\t\t\t\t\t\t<div class=\"elementor-element elementor-element-2877f41 elementor-widget elementor-widget-heading\" data-id=\"2877f41\" data-element_type=\"widget\" data-e-type=\"widget\" data-widget_type=\"heading.default\">\n\t\t\t\t<div class=\"elementor-widget-container\">\n\t\t\t\t\t<h2 class=\"elementor-heading-title elementor-size-default\">Tedavilerimiz<\/h2>\t\t\t\t<\/div>\n\t\t\t\t<\/div>\n\t\t\t\t<div class=\"elementor-element elementor-element-fcb159f elementor-nav-menu--dropdown-tablet elementor-nav-menu__text-align-aside elementor-nav-menu--toggle elementor-nav-menu--burger elementor-widget elementor-widget-nav-menu\" data-id=\"fcb159f\" data-element_type=\"widget\" data-e-type=\"widget\" data-settings=\"{&quot;layout&quot;:&quot;vertical&quot;,&quot;submenu_icon&quot;:{&quot;value&quot;:&quot;&lt;svg class=\\&quot;e-font-icon-svg e-fas-caret-down\\&quot; viewBox=\\&quot;0 0 320 512\\&quot; xmlns=\\&quot;http:\\\/\\\/www.w3.org\\\/2000\\\/svg\\&quot;&gt;&lt;path d=\\&quot;M31.3 192h257.3c17.8 0 26.7 21.5 14.1 34.1L174.1 354.8c-7.8 7.8-20.5 7.8-28.3 0L17.2 226.1C4.6 213.5 13.5 192 31.3 192z\\&quot;&gt;&lt;\\\/path&gt;&lt;\\\/svg&gt;&quot;,&quot;library&quot;:&quot;fa-solid&quot;},&quot;toggle&quot;:&quot;burger&quot;}\" data-widget_type=\"nav-menu.default\">\n\t\t\t\t<div class=\"elementor-widget-container\">\n\t\t\t\t\t\t\t\t<nav class=\"elementor-nav-menu--main elementor-nav-menu__container elementor-nav-menu--layout-vertical e--pointer-underline e--animation-fade\">\n\t\t\t\t<ul id=\"menu-1-fcb159f\" class=\"elementor-nav-menu sm-vertical\"><li class=\"menu-item menu-item-type-post_type menu-item-object-page menu-item-29059\"><a href=\"https:\/\/drburakkavlakoglu.com\/sq\/kanceri-i-stomakut\/\" class=\"elementor-item\">Kanceri i stomakut<\/a><\/li>\n<li class=\"menu-item menu-item-type-post_type menu-item-object-page menu-item-29060\"><a href=\"https:\/\/drburakkavlakoglu.com\/sq\/pankreas-kanseri\/\" class=\"elementor-item\">Pankreas Kanseri<\/a><\/li>\n<\/ul>\t\t\t<\/nav>\n\t\t\t\t\t<div class=\"elementor-menu-toggle\" role=\"button\" tabindex=\"0\" aria-label=\"Menu Toggle\" aria-expanded=\"false\">\n\t\t\t<svg aria-hidden=\"true\" role=\"presentation\" class=\"elementor-menu-toggle__icon--open e-font-icon-svg e-eicon-menu-bar\" viewBox=\"0 0 1000 1000\" xmlns=\"http:\/\/www.w3.org\/2000\/svg\"><path d=\"M104 333H896C929 333 958 304 958 271S929 208 896 208H104C71 208 42 237 42 271S71 333 104 333ZM104 583H896C929 583 958 554 958 521S929 458 896 458H104C71 458 42 487 42 521S71 583 104 583ZM104 833H896C929 833 958 804 958 771S929 708 896 708H104C71 708 42 737 42 771S71 833 104 833Z\"><\/path><\/svg><svg aria-hidden=\"true\" role=\"presentation\" class=\"elementor-menu-toggle__icon--close e-font-icon-svg e-eicon-close\" viewBox=\"0 0 1000 1000\" xmlns=\"http:\/\/www.w3.org\/2000\/svg\"><path d=\"M742 167L500 408 258 167C246 154 233 150 217 150 196 150 179 158 167 167 154 179 150 196 150 212 150 229 154 242 171 254L408 500 167 742C138 771 138 800 167 829 196 858 225 858 254 829L496 587 738 829C750 842 767 846 783 846 800 846 817 842 829 829 842 817 846 804 846 783 846 767 842 750 829 737L588 500 833 258C863 229 863 200 833 171 804 137 775 137 742 167Z\"><\/path><\/svg>\t\t\t<span class=\"elementor-screen-only\">Menu<\/span>\n\t\t<\/div>\n\t\t\t\t\t<nav class=\"elementor-nav-menu--dropdown elementor-nav-menu__container\" aria-hidden=\"true\">\n\t\t\t\t<ul id=\"menu-2-fcb159f\" class=\"elementor-nav-menu sm-vertical\"><li class=\"menu-item menu-item-type-post_type menu-item-object-page menu-item-29059\"><a href=\"https:\/\/drburakkavlakoglu.com\/sq\/kanceri-i-stomakut\/\" class=\"elementor-item\" tabindex=\"-1\">Kanceri i stomakut<\/a><\/li>\n<li class=\"menu-item menu-item-type-post_type menu-item-object-page menu-item-29060\"><a href=\"https:\/\/drburakkavlakoglu.com\/sq\/pankreas-kanseri\/\" class=\"elementor-item\" tabindex=\"-1\">Pankreas Kanseri<\/a><\/li>\n<\/ul>\t\t\t<\/nav>\n\t\t\t\t\t\t<\/div>\n\t\t\t\t<\/div>\n\t\t\t\t\t<\/div>\n\t\t<\/div>\n\t\t\t\t<div class=\"elementor-column elementor-col-50 elementor-top-column elementor-element elementor-element-d7d479b\" data-id=\"d7d479b\" data-element_type=\"column\" data-e-type=\"column\">\n\t\t\t<div class=\"elementor-widget-wrap elementor-element-populated\">\n\t\t\t\t\t\t<div class=\"elementor-element elementor-element-516fa68 elementor-widget elementor-widget-heading\" data-id=\"516fa68\" data-element_type=\"widget\" data-e-type=\"widget\" data-widget_type=\"heading.default\">\n\t\t\t\t<div class=\"elementor-widget-container\">\n\t\t\t\t\t<h2 class=\"elementor-heading-title elementor-size-default\">Pankreas Kanseri<\/h2>\t\t\t\t<\/div>\n\t\t\t\t<\/div>\n\t\t\t\t<div class=\"elementor-element elementor-element-3234156 elementor-widget elementor-widget-text-editor\" data-id=\"3234156\" data-element_type=\"widget\" data-e-type=\"widget\" data-widget_type=\"text-editor.default\">\n\t\t\t\t<div class=\"elementor-widget-container\">\n\t\t\t\t\t\t\t\t\t<p>Pankreas kanseri pankreas organ\u0131n\u0131n yerle\u015fim yeri nedeniyle di\u011fer kanserlerden farkl\u0131 bulgular verir. Pankreas\u0131n hem hormon ve enzim salg\u0131 \u00fcretimi yapan b\u00f6l\u00fcm\u00fc ve hemde bu salg\u0131lar\u0131n ba\u011f\u0131rsaklara d\u00f6k\u00fclmesini sa\u011flayan kanal b\u00f6l\u00fcm\u00fc bulunur. Bu iki ayr\u0131 b\u00f6l\u00fcmden k\u00f6ken alan iki farkl\u0131 kanserin seyri ve bulgular\u0131 da birbirinden farkl\u0131d\u0131r.<\/p><p><img decoding=\"async\" class=\"alignnone size-full wp-image-26972\" src=\"https:\/\/drbk.ademcakir.com.tr\/wp-content\/uploads\/2024\/07\/Pankreas-Kanseri.webp\" alt=\"\" width=\"1280\" height=\"673\" srcset=\"https:\/\/drburakkavlakoglu.com\/wp-content\/uploads\/2024\/07\/Pankreas-Kanseri.webp 1280w, https:\/\/drburakkavlakoglu.com\/wp-content\/uploads\/2024\/07\/Pankreas-Kanseri-300x158.webp 300w, https:\/\/drburakkavlakoglu.com\/wp-content\/uploads\/2024\/07\/Pankreas-Kanseri-1024x538.webp 1024w, https:\/\/drburakkavlakoglu.com\/wp-content\/uploads\/2024\/07\/Pankreas-Kanseri-768x404.webp 768w, https:\/\/drburakkavlakoglu.com\/wp-content\/uploads\/2024\/07\/Pankreas-Kanseri-800x421.webp 800w\" sizes=\"(max-width: 1280px) 100vw, 1280px\" \/><\/p><p>Pankreas kanseri ana safra kanal\u0131 ile kom\u015fu olan pankreas ba\u015f\u0131 b\u00f6l\u00fcm\u00fcnde ise safra yollar\u0131na bask\u0131 yap\u0131p daralt\u0131r, bunun sonucunda safra ile ba\u011f\u0131rsa\u011fa at\u0131lamayan bilirubin dedi\u011fimiz safraya sar\u0131 rengi veren pigment kanda y\u00fckselir ve sonu\u00e7ta ciltte ve g\u00f6zde sar\u0131l\u0131\u011fa neden olarak pankreas\u0131n di\u011fer b\u00f6lgelerindeki kanserlere g\u00f6re nispeten daha erken te\u015fhis edilebilir. Pankreas kanserinin \u00e7ok ileri evrede te\u015fhis edilmesi ve tedavide ge\u00e7 kal\u0131nmas\u0131, organ\u0131n yerle\u015fim yerinin \u00e7ok derinde ve arkada olmas\u0131ndan ve kanserin pankreas\u0131n ba\u015f\u0131ndan ba\u015fka b\u00f6l\u00fcmlerinde yerle\u015fti\u011finde bulgu vermemesi nedeniyledir. Bu sessiz d\u00f6nemde tan\u0131 koymak \u00e7ok b\u00fcy\u00fck \u00f6nem ta\u015f\u0131rken bu d\u00f6neme denk gelen check up testlerinde ve check up dahilinde yap\u0131lan ultrasonografi g\u00f6r\u00fcnt\u00fclemelerinde \u00e7o\u011funlukla yakalanamaz. O nedenle check up paketlerinde kar\u0131n b\u00f6lgesine y\u00f6nelik ila\u00e7l\u0131 bilgisayarl\u0131 tomografi g\u00f6r\u00fcnt\u00fclemesi mutlaka yer almal\u0131d\u0131r.<\/p><p>Bunun yan\u0131nda hastal\u0131\u011f\u0131n erken evrelerinde baz\u0131 belirtiler erken uyar\u0131 verebilir:<\/p><p>-Kar\u0131n ve s\u0131rtta a\u011fr\u0131<\/p><p>-A\u015f\u0131r\u0131 yorgunluk ve halsizlik, depresif ruh hali<\/p><p>-\u0130\u015ftah\u0131n kesilmesi, kilo kayb\u0131<\/p><p>-Mide bulant\u0131s\u0131, kusma<\/p><p>-Ciltte ve g\u00f6z\u00fcn beyaz b\u00f6l\u00fcm\u00fcnde sararma<\/p><p>-Sar\u0131l\u0131k ile birlikte camc\u0131 macunu renginde a\u00e7\u0131k renkli d\u0131\u015fk\u0131 ve koyu \u00e7ay renginde idrar yapma(pankreas ba\u015f b\u00f6lgesi t\u00fcm\u00f6rlerinde)<\/p><p>-Sar\u0131l\u0131\u011fa ba\u011fl\u0131 ka\u015f\u0131nt\u0131<\/p><p>-Aile \u00f6yk\u00fcs\u00fc ve a\u015f\u0131r\u0131 kilolu olmayan bireylerde aniden ortaya \u00e7\u0131kan diyabet, kan \u015fekerinin y\u00fckselmesi<\/p><p>T\u00fcm bu belirtiler ile ba\u015fvuran hastalara tam kan, biyokimya ve t\u00fcm\u00f6r belirte\u00e7lerini i\u00e7eren tetkiklerin yan\u0131s\u0131ra, ila\u00e7l\u0131 bilgisayarl\u0131 tomografi gibi ileri g\u00f6r\u00fcnt\u00fcleme tetkiklerinin yap\u0131lmas\u0131 zorunludur.<\/p><p>T\u00fcm bu tetkiklerin sonucunda t\u00fcm\u00f6r g\u00f6r\u00fcl\u00fcrse, doku tan\u0131s\u0131 amac\u0131yla radyolojik olarak i\u011fne biyopsisi planlan\u0131r. Biyopsi sonucu kanser olarak raporlan\u0131rsa, evreleme ama\u00e7l\u0131 PET-CT dedi\u011fimiz tetkik yap\u0131l\u0131r. Bu evreleme \u0131\u015f\u0131\u011f\u0131nda t\u00fcm\u00f6r konseyi karar\u0131na g\u00f6re e\u011fer cerrahi m\u00fcdahale yap\u0131labilir d\u00f6nemde ise cerrahi tedavi planlan\u0131r. Fakat cerrahi m\u00fcdahale \u015fans\u0131 yitirilmi\u015f ise yine t\u00fcm\u00f6r konseyi karar\u0131 ile ila\u00e7la ve\/veya \u0131\u015f\u0131nla onkolojik tedaviye ba\u015flan\u0131r. Yak\u0131n takip alt\u0131nda bu onkolojik tedavilerle evre d\u00fc\u015f\u00fcm\u00fc sa\u011flanabilir ise yine t\u00fcm\u00f6r konseyi karar\u0131 ile cerrahi tedavi uygulanabilir. Patoloji sonucu kanal i\u00e7ini d\u00f6\u015feyen h\u00fccrelerden k\u00f6ken alan kanserlerin yan\u0131s\u0131ra daha nadir olarak hormon salg\u0131layan h\u00fccrelerden de k\u00f6ken alabilir. Hormon salg\u0131layan h\u00fccrelerden k\u00f6ken alan kanserlere biz n\u00f6roendokrin t\u00fcm\u00f6r diyoruz.<\/p><p>Her iki grubun tedavisinin ana hatlar\u0131 ayn\u0131 olmakla birlikte temel fark ikinci grup kanserlerin nispeten daha uzun sa\u011fkal\u0131m s\u00fcresine sahip olmalar\u0131d\u0131r. Hormon salg\u0131layan h\u00fccrelerden k\u00f6ken alan kanserler \u00e7ok ileri evrede hatta karaci\u011fere metastaz yapm\u0131\u015f olsalar bile, cerrahi tedaviden \u00e7ok faydalan\u0131rlar. Pankreas\u0131n di\u011fer korktu\u011fumuz kanal k\u00f6kenli kanserlerine k\u0131yasla 5 y\u0131ll\u0131k sa\u011fkal\u0131m oran\u0131 karaci\u011fer metastaz\u0131 olmayanlarda %95-100 iken karaci\u011fer metastaz\u0131 olanlarda\u00a0 metastazlar cerrahi olarak tamamen temizlenirse %75-80 seviyesinde kal\u0131r. N\u00f6roendokrin pankreas t\u00fcm\u00f6rlerinde pankreastaki t\u00fcm\u00f6r tamamen temizlenebiliyorsa fakat karaci\u011fer metastazlar\u0131 t\u00fcm cerrahi ve onkolojik tedavilere ra\u011fmen yeniden n\u00fcks ediyorsa, karaci\u011fer nakli en son se\u00e7enek olarak uygulanabilmektedir. Bu gruba verebilece\u011fimiz en b\u00fcy\u00fck ve bilinen \u00f6rnek Apple \u015firketinin kurucusu Steve Jobs\u2019tur. Pankreas n\u00f6roendokrin t\u00fcm\u00f6r\u00fc ile m\u00fccadele eden Steve Jobs\u2019a karaci\u011fer nakli dahil t\u00fcm tedaviler uygulanm\u0131\u015f olup sa\u011f kal\u0131m s\u00fcresi 8 y\u0131l olarak ger\u00e7ekle\u015fmi\u015ftir. Tabii bu hasta \u00e7ok trajik bir \u00f6rnektir, t\u00fcm\u00f6r ba\u015flang\u0131\u00e7 evresinde \u00e7ap olarak 2 cm civar\u0131nda iken maalesef t\u0131bbi tedaviyi reddedip alternatif t\u0131p tedavileri ile zaman kaybetmi\u015ftir. E\u011fer hastal\u0131k lokal bir hastal\u0131k iken ameliyat olsayd\u0131 belki Steve Jobs bug\u00fcn aram\u0131zda olabilirdi. \u00c7\u00fcnk\u00fc erken d\u00f6nemde yakalanan n\u00f6roendokrin pankreas t\u00fcm\u00f6rlerinde cerrahi tedavi sonras\u0131 sa\u011fkal\u0131m olduk\u00e7a y\u00fcksek olup 20 y\u0131ll\u0131k sa\u011fkal\u0131mdan s\u00f6z edilir ve yakla\u015f\u0131k %95\u2019tir. Klasikle\u015fmi\u015f bir c\u00fcmle ama ger\u00e7ekten erken te\u015fhi\u015f hayat kurtar\u0131r diyebilirim.<\/p><p>Uzun y\u0131llar onkoloji hastanesinde \u00e7al\u0131\u015fm\u0131\u015f bir cerrah olarak benim tavsiyem, check up tarama programlar\u0131nda, derinlemesine g\u00f6r\u00fcnt\u00fc al\u0131nabilen y\u00f6ntemlerin tercih edilmesi \u00f6zellikle pankreas gibi sessiz seyreden derin yerle\u015fimli organ kanserlerinde erken te\u015fhis konulmas\u0131n\u0131 sa\u011flayarak yap\u0131lacak uygun cerrahi tedavi ile sa\u011fkal\u0131m s\u00fcresinin uzamas\u0131nda hayati \u00f6nem ta\u015f\u0131maktad\u0131r.<\/p>\t\t\t\t\t\t\t\t<\/div>\n\t\t\t\t<\/div>\n\t\t\t\t\t<\/div>\n\t\t<\/div>\n\t\t\t\t\t<\/div>\n\t\t<\/div>\n\t\t\t\t<\/div>\n\t\t","protected":false},"excerpt":{"rendered":"<p>Home Pankreas Kanseri Mide kanseri hem genetik hem de \u00e7evresel fakt\u00f6rlerin etkisi ile ortaya \u00e7\u0131kan ve toplum aras\u0131nda olduk\u00e7a yayg\u0131n olan bir hastal\u0131kt\u0131r. Tedavilerimiz Pankreas Kanseri Pankreas kanseri pankreas organ\u0131n\u0131n yerle\u015fim yeri nedeniyle di\u011fer kanserlerden farkl\u0131 bulgular verir. Pankreas\u0131n hem hormon ve enzim salg\u0131 \u00fcretimi yapan b\u00f6l\u00fcm\u00fc ve hemde bu salg\u0131lar\u0131n ba\u011f\u0131rsaklara d\u00f6k\u00fclmesini sa\u011flayan kanal [&hellip;]<\/p>\n","protected":false},"author":1,"featured_media":0,"parent":0,"menu_order":0,"comment_status":"closed","ping_status":"closed","template":"elementor_header_footer","meta":{"footnotes":""},"class_list":["post-28460","page","type-page","status-publish","hentry"],"_links":{"self":[{"href":"https:\/\/drburakkavlakoglu.com\/sq\/wp-json\/wp\/v2\/pages\/28460","targetHints":{"allow":["GET"]}}],"collection":[{"href":"https:\/\/drburakkavlakoglu.com\/sq\/wp-json\/wp\/v2\/pages"}],"about":[{"href":"https:\/\/drburakkavlakoglu.com\/sq\/wp-json\/wp\/v2\/types\/page"}],"author":[{"embeddable":true,"href":"https:\/\/drburakkavlakoglu.com\/sq\/wp-json\/wp\/v2\/users\/1"}],"replies":[{"embeddable":true,"href":"https:\/\/drburakkavlakoglu.com\/sq\/wp-json\/wp\/v2\/comments?post=28460"}],"version-history":[{"count":0,"href":"https:\/\/drburakkavlakoglu.com\/sq\/wp-json\/wp\/v2\/pages\/28460\/revisions"}],"wp:attachment":[{"href":"https:\/\/drburakkavlakoglu.com\/sq\/wp-json\/wp\/v2\/media?parent=28460"}],"curies":[{"name":"wp","href":"https:\/\/api.w.org\/{rel}","templated":true}]}}