{"id":28543,"date":"2024-07-10T15:14:33","date_gmt":"2024-07-10T15:14:33","guid":{"rendered":"https:\/\/drburakkavlakoglu.com\/?page_id=28543"},"modified":"2024-08-08T22:50:34","modified_gmt":"2024-08-08T22:50:34","slug":"politika-e-privatesise","status":"publish","type":"page","link":"https:\/\/drburakkavlakoglu.com\/sq\/politika-e-privatesise\/","title":{"rendered":"Politika e privat\u00ebsis\u00eb"},"content":{"rendered":"\t\t<div data-elementor-type=\"wp-page\" data-elementor-id=\"28543\" class=\"elementor elementor-28543\" data-elementor-post-type=\"page\">\n\t\t\t\t\t\t<div class=\"elementor-section elementor-top-section elementor-element elementor-element-d5a8df0 elementor-section-stretched elementor-section-height-min-height elementor-section-items-top elementor-section-boxed elementor-section-height-default\" data-id=\"d5a8df0\" data-element_type=\"section\" data-e-type=\"section\" data-settings=\"{&quot;stretch_section&quot;:&quot;section-stretched&quot;}\">\n\t\t\t\t\t\t<div class=\"elementor-container elementor-column-gap-no\">\n\t\t\t\t\t<div class=\"elementor-column elementor-col-50 elementor-top-column elementor-element elementor-element-53ce11c\" data-id=\"53ce11c\" data-element_type=\"column\" data-e-type=\"column\">\n\t\t\t<div class=\"elementor-widget-wrap elementor-element-populated\">\n\t\t\t\t\t\t<div class=\"elementor-element elementor-element-e03b5ec elementor-nav-menu--dropdown-tablet elementor-nav-menu__text-align-aside elementor-nav-menu--toggle elementor-nav-menu--burger elementor-widget elementor-widget-nav-menu\" data-id=\"e03b5ec\" data-element_type=\"widget\" data-e-type=\"widget\" data-settings=\"{&quot;layout&quot;:&quot;vertical&quot;,&quot;submenu_icon&quot;:{&quot;value&quot;:&quot;&lt;svg class=\\&quot;e-font-icon-svg e-fas-caret-down\\&quot; viewBox=\\&quot;0 0 320 512\\&quot; xmlns=\\&quot;http:\\\/\\\/www.w3.org\\\/2000\\\/svg\\&quot;&gt;&lt;path d=\\&quot;M31.3 192h257.3c17.8 0 26.7 21.5 14.1 34.1L174.1 354.8c-7.8 7.8-20.5 7.8-28.3 0L17.2 226.1C4.6 213.5 13.5 192 31.3 192z\\&quot;&gt;&lt;\\\/path&gt;&lt;\\\/svg&gt;&quot;,&quot;library&quot;:&quot;fa-solid&quot;},&quot;toggle&quot;:&quot;burger&quot;}\" data-widget_type=\"nav-menu.default\">\n\t\t\t\t<div class=\"elementor-widget-container\">\n\t\t\t\t\t\t\t\t<nav class=\"elementor-nav-menu--main elementor-nav-menu__container elementor-nav-menu--layout-vertical e--pointer-underline e--animation-fade\">\n\t\t\t\t<ul id=\"menu-1-e03b5ec\" class=\"elementor-nav-menu sm-vertical\"><li class=\"menu-item menu-item-type-post_type menu-item-object-page menu-item-28951\"><a href=\"https:\/\/drburakkavlakoglu.com\/sq\/biografia\/\" class=\"elementor-item\">Biografia<\/a><\/li>\n<li class=\"menu-item menu-item-type-post_type menu-item-object-page menu-item-28952\"><a href=\"https:\/\/drburakkavlakoglu.com\/sq\/politika-jone-e-cilesise\/\" class=\"elementor-item\">Politika jon\u00eb e cil\u00ebsis\u00eb<\/a><\/li>\n<li class=\"menu-item menu-item-type-post_type menu-item-object-page menu-item-28953\"><a href=\"https:\/\/drburakkavlakoglu.com\/sq\/pyetjet-e-bera-me-shpesh\/\" class=\"elementor-item\">Pyetjet e b\u00ebra m\u00eb shpesh<\/a><\/li>\n<li class=\"menu-item menu-item-type-post_type menu-item-object-page menu-item-28963\"><a href=\"https:\/\/drburakkavlakoglu.com\/sq\/certifikatat-tona\/\" class=\"elementor-item\">Certifikatat tona<\/a><\/li>\n<li class=\"menu-item menu-item-type-post_type menu-item-object-page menu-item-28964\"><a href=\"https:\/\/drburakkavlakoglu.com\/sq\/politika-e-privatesise\/\" class=\"elementor-item\">Politika e privat\u00ebsis\u00eb<\/a><\/li>\n<li class=\"menu-item menu-item-type-post_type menu-item-object-page menu-item-28965\"><a href=\"https:\/\/drburakkavlakoglu.com\/sq\/formulari-i-konsulences\/\" class=\"elementor-item\">Formulari i Konsulenc\u00ebs<\/a><\/li>\n<li class=\"menu-item menu-item-type-post_type menu-item-object-page menu-item-28966\"><a href=\"https:\/\/drburakkavlakoglu.com\/sq\/artikuj\/\" class=\"elementor-item\">Artikuj<\/a><\/li>\n<li class=\"menu-item menu-item-type-post_type menu-item-object-page menu-item-28967\"><a href=\"https:\/\/drburakkavlakoglu.com\/sq\/video-te-pacienteve\/\" class=\"elementor-item\">Video t\u00eb pacient\u00ebve<\/a><\/li>\n<\/ul>\t\t\t<\/nav>\n\t\t\t\t\t<div class=\"elementor-menu-toggle\" role=\"button\" tabindex=\"0\" aria-label=\"Menu Toggle\" aria-expanded=\"false\">\n\t\t\t<svg aria-hidden=\"true\" role=\"presentation\" class=\"elementor-menu-toggle__icon--open e-font-icon-svg e-eicon-menu-bar\" viewBox=\"0 0 1000 1000\" xmlns=\"http:\/\/www.w3.org\/2000\/svg\"><path d=\"M104 333H896C929 333 958 304 958 271S929 208 896 208H104C71 208 42 237 42 271S71 333 104 333ZM104 583H896C929 583 958 554 958 521S929 458 896 458H104C71 458 42 487 42 521S71 583 104 583ZM104 833H896C929 833 958 804 958 771S929 708 896 708H104C71 708 42 737 42 771S71 833 104 833Z\"><\/path><\/svg><svg aria-hidden=\"true\" role=\"presentation\" class=\"elementor-menu-toggle__icon--close e-font-icon-svg e-eicon-close\" viewBox=\"0 0 1000 1000\" xmlns=\"http:\/\/www.w3.org\/2000\/svg\"><path d=\"M742 167L500 408 258 167C246 154 233 150 217 150 196 150 179 158 167 167 154 179 150 196 150 212 150 229 154 242 171 254L408 500 167 742C138 771 138 800 167 829 196 858 225 858 254 829L496 587 738 829C750 842 767 846 783 846 800 846 817 842 829 829 842 817 846 804 846 783 846 767 842 750 829 737L588 500 833 258C863 229 863 200 833 171 804 137 775 137 742 167Z\"><\/path><\/svg>\t\t\t<span class=\"elementor-screen-only\">Menu<\/span>\n\t\t<\/div>\n\t\t\t\t\t<nav class=\"elementor-nav-menu--dropdown elementor-nav-menu__container\" aria-hidden=\"true\">\n\t\t\t\t<ul id=\"menu-2-e03b5ec\" class=\"elementor-nav-menu sm-vertical\"><li class=\"menu-item menu-item-type-post_type menu-item-object-page menu-item-28951\"><a href=\"https:\/\/drburakkavlakoglu.com\/sq\/biografia\/\" class=\"elementor-item\" tabindex=\"-1\">Biografia<\/a><\/li>\n<li class=\"menu-item menu-item-type-post_type menu-item-object-page menu-item-28952\"><a href=\"https:\/\/drburakkavlakoglu.com\/sq\/politika-jone-e-cilesise\/\" class=\"elementor-item\" tabindex=\"-1\">Politika jon\u00eb e cil\u00ebsis\u00eb<\/a><\/li>\n<li class=\"menu-item menu-item-type-post_type menu-item-object-page menu-item-28953\"><a href=\"https:\/\/drburakkavlakoglu.com\/sq\/pyetjet-e-bera-me-shpesh\/\" class=\"elementor-item\" tabindex=\"-1\">Pyetjet e b\u00ebra m\u00eb shpesh<\/a><\/li>\n<li class=\"menu-item menu-item-type-post_type menu-item-object-page menu-item-28963\"><a href=\"https:\/\/drburakkavlakoglu.com\/sq\/certifikatat-tona\/\" class=\"elementor-item\" tabindex=\"-1\">Certifikatat tona<\/a><\/li>\n<li class=\"menu-item menu-item-type-post_type menu-item-object-page menu-item-28964\"><a href=\"https:\/\/drburakkavlakoglu.com\/sq\/politika-e-privatesise\/\" class=\"elementor-item\" tabindex=\"-1\">Politika e privat\u00ebsis\u00eb<\/a><\/li>\n<li class=\"menu-item menu-item-type-post_type menu-item-object-page menu-item-28965\"><a href=\"https:\/\/drburakkavlakoglu.com\/sq\/formulari-i-konsulences\/\" class=\"elementor-item\" tabindex=\"-1\">Formulari i Konsulenc\u00ebs<\/a><\/li>\n<li class=\"menu-item menu-item-type-post_type menu-item-object-page menu-item-28966\"><a href=\"https:\/\/drburakkavlakoglu.com\/sq\/artikuj\/\" class=\"elementor-item\" tabindex=\"-1\">Artikuj<\/a><\/li>\n<li class=\"menu-item menu-item-type-post_type menu-item-object-page menu-item-28967\"><a href=\"https:\/\/drburakkavlakoglu.com\/sq\/video-te-pacienteve\/\" class=\"elementor-item\" tabindex=\"-1\">Video t\u00eb pacient\u00ebve<\/a><\/li>\n<\/ul>\t\t\t<\/nav>\n\t\t\t\t\t\t<\/div>\n\t\t\t\t<\/div>\n\t\t\t\t\t<\/div>\n\t\t<\/div>\n\t\t\t\t<div class=\"elementor-column elementor-col-50 elementor-top-column elementor-element elementor-element-86ef76b\" data-id=\"86ef76b\" data-element_type=\"column\" data-e-type=\"column\">\n\t\t\t<div class=\"elementor-widget-wrap elementor-element-populated\">\n\t\t\t\t\t\t<div class=\"elementor-element elementor-element-640d945 elementor-widget elementor-widget-heading\" data-id=\"640d945\" data-element_type=\"widget\" data-e-type=\"widget\" data-widget_type=\"heading.default\">\n\t\t\t\t<div class=\"elementor-widget-container\">\n\t\t\t\t\t<h2 class=\"elementor-heading-title elementor-size-default\">Politika e privat\u00ebsis\u00eb<\/h2>\t\t\t\t<\/div>\n\t\t\t\t<\/div>\n\t\t\t\t<div class=\"elementor-element elementor-element-b6b51a0 elementor-widget elementor-widget-text-editor\" data-id=\"b6b51a0\" data-element_type=\"widget\" data-e-type=\"widget\" data-widget_type=\"text-editor.default\">\n\t\t\t\t<div class=\"elementor-widget-container\">\n\t\t\t\t\t\t\t\t\t<p>Siguria juaj \u00ebsht\u00eb e r\u00ebnd\u00ebsishme p\u00ebr ne. P\u00ebr k\u00ebt\u00eb arsye, t\u00eb dh\u00ebnat personale q\u00eb ndani me ne mbrohen me ndjeshm\u00ebri.<\/p><p>Burak Kavlako\u011flu, si kontrollues i t\u00eb dh\u00ebnave, me k\u00ebt\u00eb politik\u00eb t\u00eb privat\u00ebsis\u00eb dhe mbrojtjes s\u00eb t\u00eb dh\u00ebnave personale, cilat nga t\u00eb dh\u00ebnat tuaja personale do t\u00eb p\u00ebrpunohen p\u00ebr \u00e7far\u00eb q\u00ebllimi, me k\u00eb dhe pse mund t\u00eb ndahen t\u00eb dh\u00ebnat e p\u00ebrpunuara, m\u00ebnyra jon\u00eb e p\u00ebrpunimit t\u00eb t\u00eb dh\u00ebnave dhe arsyet ligjore; Ne synojm\u00eb t&#8217;ju sqarojm\u00eb se cilat jan\u00eb t\u00eb drejtat tuaja n\u00eb lidhje me t\u00eb dh\u00ebnat tuaja t\u00eb p\u00ebrpunuara.<\/p><p>T\u00eb dh\u00ebnat tuaja personale t\u00eb mbledhura, m\u00ebnyra e grumbullimit dhe arsyeja ligjore<br \/>Adresa juaj IP dhe informacioni i agjentit t\u00eb p\u00ebrdoruesit p\u00ebrdoren vet\u00ebm p\u00ebr q\u00ebllime analize dhe cookie, etj. Ai do t\u00eb p\u00ebrpunohet n\u00eb baz\u00eb t\u00eb p\u00ebrpunimit legjitim t\u00eb interesit brenda korniz\u00ebs dhe koh\u00ebzgjatjes s\u00eb sh\u00ebrbimit dhe marr\u00ebdh\u00ebnies kontraktuale mes nesh duke marr\u00eb, regjistruar, ruajtur dhe p\u00ebrdit\u00ebsuar n\u00ebp\u00ebrmjet teknologjive, metodave automatike ose joautomatike dhe ndonj\u00ebher\u00eb nga pal\u00eb t\u00eb treta si ofruesit e analitik\u00ebs, reklamat. rrjetet, ofruesit e informacionit t\u00eb k\u00ebrkimit, ofruesit e teknologjis\u00eb.<\/p><p>Q\u00ebllimi i p\u00ebrpunimit t\u00eb t\u00eb dh\u00ebnave tuaja personale<br \/>T\u00eb dh\u00ebnat tuaja personale q\u00eb ndani me ne jan\u00eb t\u00eb disponueshme vet\u00ebm p\u00ebrmes analiz\u00ebs; P\u00ebr t\u00eb p\u00ebrmbushur k\u00ebrkesat e sh\u00ebrbimeve q\u00eb ne ofrojm\u00eb n\u00eb m\u00ebnyr\u00ebn m\u00eb t\u00eb mir\u00eb t\u00eb mundshme, p\u00ebr t&#8217;u siguruar q\u00eb k\u00ebto sh\u00ebrbime mund t\u00eb aksesohen dhe p\u00ebrfitohen n\u00eb nivelin maksimal nga ju, p\u00ebr t\u00eb zhvilluar sh\u00ebrbimet tona n\u00eb p\u00ebrputhje me nevojat tuaja dhe p\u00ebr t&#8217;ju sjell\u00eb s\u00eb bashku me m\u00eb gjith\u00ebp\u00ebrfshir\u00ebse ofruesit e sh\u00ebrbimeve brenda kornizave ligjore dhe p\u00ebr t\u00eb p\u00ebrmbushur detyrimet ligjore (t\u00eb dh\u00ebnat personale mund t\u00eb ndahen me autoritetet gjyq\u00ebsore dhe administrative sipas k\u00ebrkes\u00ebs do t\u00eb p\u00ebrpunohen dhe p\u00ebrdit\u00ebsohen n\u00eb p\u00ebrputhje me q\u00ebllimin e saj dhe n\u00eb m\u00ebnyr\u00eb t\u00eb matur gjat\u00eb gjith\u00eb periudh\u00ebs s\u00eb kontrat\u00ebs dhe sh\u00ebrbimit, sipas radh\u00ebs). p\u00ebr t\u00eb p\u00ebrmbushur<\/p><p>Kujt dhe p\u00ebr \u00e7far\u00eb q\u00ebllimesh mund t\u00eb transferohen t\u00eb dh\u00ebnat personale t\u00eb mbledhura<br \/>T\u00eb dh\u00ebnat tuaja personale q\u00eb ndani me ne; Mund t&#8217;u transferohet pal\u00ebve, institucioneve dhe organizatave t\u00eb treta vendase dhe t\u00eb huaja nga t\u00eb cilat marrim dhe\/ose ofrojm\u00eb sh\u00ebrbime p\u00ebr t\u00eb kryer aktivitetet tona, me t\u00eb cil\u00ebt kemi marr\u00ebdh\u00ebnie kontraktuale dhe bashk\u00ebpunojm\u00eb, si dhe autoriteteve gjyq\u00ebsore dhe administrative sipas k\u00ebrkes\u00ebs, me kusht q\u00eb merren masat e nevojshme teknike dhe administrative.<\/p><p>T\u00eb drejtat tuaja si Personi, t\u00eb dh\u00ebnat personale t\u00eb t\u00eb cilit p\u00ebrpunohen<br \/>N\u00eb p\u00ebrputhje me nenin 11 t\u00eb KVKK-s\u00eb, \u00e7dokush mund t\u00eb ushtroj\u00eb t\u00eb drejtat e m\u00ebposhtme duke aplikuar tek kontrolluesi i t\u00eb dh\u00ebnave:<\/p><p>Duke m\u00ebsuar n\u00ebse t\u00eb dh\u00ebnat personale p\u00ebrpunohen apo jo,<br \/>K\u00ebrkimi i informacionit n\u00ebse t\u00eb dh\u00ebnat personale jan\u00eb p\u00ebrpunuar,<br \/>M\u00ebsoni q\u00ebllimin e p\u00ebrpunimit t\u00eb t\u00eb dh\u00ebnave personale dhe n\u00ebse ato p\u00ebrdoren p\u00ebr q\u00ebllimin e synuar,<br \/>Njohja e pal\u00ebve t\u00eb treta t\u00eb cilave u transferohen t\u00eb dh\u00ebnat personale brenda ose jasht\u00eb vendit,<br \/>K\u00ebrkimi i korrigjimit t\u00eb t\u00eb dh\u00ebnave personale n\u00ebse ato jan\u00eb t\u00eb paplota ose t\u00eb p\u00ebrpunuara gabimisht,<br \/>K\u00ebrkesa p\u00ebr fshirjen ose shkat\u00ebrrimin e t\u00eb dh\u00ebnave personale,<br \/>Duke k\u00ebrkuar q\u00eb transaksionet e kryera n\u00eb p\u00ebrputhje me paragraf\u00ebt (e) dhe (f) t&#8217;u njoftohen pal\u00ebve t\u00eb treta t\u00eb cilave u transferohen t\u00eb dh\u00ebnat personale,<br \/>Kund\u00ebrshtimi i shfaqjes s\u00eb nj\u00eb rezultati q\u00eb \u00ebsht\u00eb i pafavorsh\u00ebm p\u00ebr individin duke analizuar t\u00eb dh\u00ebnat e p\u00ebrpunuara ekskluzivisht p\u00ebrmes sistemeve automatike,<br \/>N\u00eb rast d\u00ebmtimi p\u00ebr shkak t\u00eb p\u00ebrpunimit t\u00eb paligjsh\u00ebm t\u00eb t\u00eb dh\u00ebnave personale, ata kan\u00eb t\u00eb drejt\u00eb t\u00eb k\u00ebrkojn\u00eb kompensim p\u00ebr d\u00ebmin.<br \/>Ju mund t\u00eb na kontaktoni p\u00ebrmes info@drburakkavlakoglu.com p\u00ebr t\u00eb ushtruar t\u00eb drejtat tuaja t\u00eb listuara m\u00eb sip\u00ebr.<\/p><p>Komunikimi<br \/>Ju jeni plot\u00ebsisht t\u00eb lir\u00eb t\u00eb pranoni ose refuzoni p\u00ebrpunimin vet\u00ebm t\u00eb t\u00eb dh\u00ebnave tuaja personale t\u00eb nevojshme n\u00eb p\u00ebrputhje me k\u00ebt\u00eb politik\u00eb t\u00eb privat\u00ebsis\u00eb dhe t\u00eb p\u00ebrpunimit t\u00eb t\u00eb dh\u00ebnave personale, n\u00eb m\u00ebnyr\u00eb q\u00eb t\u00eb kryeni analiza me q\u00ebllim t\u00eb ofrimit t\u00eb sh\u00ebrbimit p\u00ebr ju. N\u00ebse vazhdoni t\u00eb p\u00ebrdorni faqen, ne do t\u00eb supozojm\u00eb se e keni pranuar at\u00eb P\u00ebr informacion m\u00eb t\u00eb detajuar, ju lutemi mos hezitoni t\u00eb na kontaktoni p\u00ebrmes adres\u00ebs s\u00eb post\u00ebs elektronike info@drburakkavlakoglu.<\/p>\t\t\t\t\t\t\t\t<\/div>\n\t\t\t\t<\/div>\n\t\t\t\t\t<\/div>\n\t\t<\/div>\n\t\t\t\t\t<\/div>\n\t\t<\/div>\n\t\t\t\t<\/div>\n\t\t","protected":false},"excerpt":{"rendered":"<p>Politika e privat\u00ebsis\u00eb Siguria juaj \u00ebsht\u00eb e r\u00ebnd\u00ebsishme p\u00ebr ne. P\u00ebr k\u00ebt\u00eb arsye, t\u00eb dh\u00ebnat personale q\u00eb ndani me ne mbrohen me ndjeshm\u00ebri. Burak Kavlako\u011flu, si kontrollues i t\u00eb dh\u00ebnave, me k\u00ebt\u00eb politik\u00eb t\u00eb privat\u00ebsis\u00eb dhe mbrojtjes s\u00eb t\u00eb dh\u00ebnave personale, cilat nga t\u00eb dh\u00ebnat tuaja personale do t\u00eb p\u00ebrpunohen p\u00ebr \u00e7far\u00eb q\u00ebllimi, me k\u00eb [&hellip;]<\/p>\n","protected":false},"author":1,"featured_media":0,"parent":0,"menu_order":0,"comment_status":"closed","ping_status":"open","template":"elementor_header_footer","meta":{"footnotes":""},"class_list":["post-28543","page","type-page","status-publish","hentry"],"_links":{"self":[{"href":"https:\/\/drburakkavlakoglu.com\/sq\/wp-json\/wp\/v2\/pages\/28543","targetHints":{"allow":["GET"]}}],"collection":[{"href":"https:\/\/drburakkavlakoglu.com\/sq\/wp-json\/wp\/v2\/pages"}],"about":[{"href":"https:\/\/drburakkavlakoglu.com\/sq\/wp-json\/wp\/v2\/types\/page"}],"author":[{"embeddable":true,"href":"https:\/\/drburakkavlakoglu.com\/sq\/wp-json\/wp\/v2\/users\/1"}],"replies":[{"embeddable":true,"href":"https:\/\/drburakkavlakoglu.com\/sq\/wp-json\/wp\/v2\/comments?post=28543"}],"version-history":[{"count":0,"href":"https:\/\/drburakkavlakoglu.com\/sq\/wp-json\/wp\/v2\/pages\/28543\/revisions"}],"wp:attachment":[{"href":"https:\/\/drburakkavlakoglu.com\/sq\/wp-json\/wp\/v2\/media?parent=28543"}],"curies":[{"name":"wp","href":"https:\/\/api.w.org\/{rel}","templated":true}]}}